{"id":27490,"date":"2023-09-11T05:08:23","date_gmt":"2023-09-11T03:08:23","guid":{"rendered":"https:\/\/www.parsemains.com\/?post_type=product&#038;p=27490"},"modified":"2024-10-17T13:27:53","modified_gmt":"2024-10-17T11:27:53","slug":"carte-de-remerciement-mariage-ecologique-ensemencee-histoire-de-coquelicot","status":"publish","type":"product","link":"https:\/\/www.parsemains.com\/de\/produkt\/karte-von-der-dankbarkeit-der-okologischen-hochzeit-von-der-mohnblume-geschichte\/","title":{"rendered":"\u00d6kologische Dankeskarte zur Hochzeit mit Saatgut - \"Mohnblumengeschichte\"."},"content":{"rendered":"<div class=\"flex-1 overflow-hidden\">\n<div class=\"react-scroll-to-bottom--css-qyzsl-79elbk h-full dark:bg-gray-800\">\n<div class=\"react-scroll-to-bottom--css-qyzsl-1n7m0yu\">\n<div class=\"flex flex-col text-sm dark:bg-gray-800\">\n<div class=\"group w-full text-token-text-primary border-b border-black\/10 dark:border-gray-900\/50 bg-gray-50 dark:bg-[#444654]\" data-testid=\"conversation-turn-2\">\n<div class=\"p-4 justify-center text-base md:gap-6 md:py-6 m-auto\">\n<div class=\"flex flex-1 gap-4 text-base mx-auto md:gap-6 md:max-w-2xl lg:max-w-[38rem] xl:max-w-3xl }\">\n<div class=\"relative flex w-[calc(100%-50px)] flex-col gap-1 md:gap-3 lg:w-[calc(100%-115px)]\">\n<div class=\"flex flex-grow flex-col gap-3 max-w-full\">\n<div class=\"min-h-[20px] flex flex-col items-start gap-3 overflow-x-auto whitespace-pre-wrap break-words\">\n<div class=\"markdown prose w-full break-words dark:prose-invert dark\">\n<p><strong>\u00d6kologische Dankeskarte zur Hochzeit mit Saatgut - \"Mohnblumengeschichte\".<\/strong><\/p>\n<p><strong>\u00d6kologisch und nachhaltig<\/strong> :<br \/>\nHergestellt aus ges\u00e4tem Papier ist diese Dankeskarte eine umweltfreundliche Wahl. Sobald sie gelesen und gew\u00fcrdigt wurde, kann sie in einen Topf oder in den Garten gepflanzt werden, wo sie sich in eine wunderbare Blumen\u00fcberraschung verwandeln wird. Die Bio-Wildblumensamen im Papier werden keimen und wundersch\u00f6ne Blumen hervorbringen, die Ihre Lieben an Ihre gemeinsame Liebe erinnern.<\/p>\n<p><strong>Intime Personalisierung<\/strong> :<br \/>\nDie Karte \"Histoire de Coquelicot\" bietet gro\u00dfz\u00fcgigen Platz, um Ihre pers\u00f6nliche Danksagung zu schreiben. Ob Sie Ihre Dankbarkeit f\u00fcr die Geschenke, die Unterst\u00fctzung oder einfach die Anwesenheit Ihrer Lieben bei Ihrer Hochzeit ausdr\u00fccken m\u00f6chten, mit dieser Karte k\u00f6nnen Sie Ihre Gef\u00fchle auf warme und authentische Weise zum Ausdruck bringen.<\/p>\n<p><strong>Die Kunst, die Liebe zu feiern<\/strong> :<br \/>\nJede Karte ist sorgf\u00e4ltig gestaltet und vereint Eleganz und Emotionen. Sie verk\u00f6rpert die Kunst, die Liebe zu feiern, und wird f\u00fcr diejenigen, die sie erhalten, eine wertvolle Erinnerung sein. Schenken Sie Ihren Lieben eine Karte, die den Zauber Ihrer Hochzeit verl\u00e4ngert und das stetige Wachstum Ihrer Verbindung symbolisiert.<\/p>\n<p><strong>Ein lebendiges Andenken<\/strong> :<br \/>\nJedes Mal, wenn Ihre Freunde und Familie die Mohnblumen bl\u00fchen sehen, werden sie sich nicht nur an Ihren besonderen Tag erinnern, sondern auch an die Liebe, die zwischen Ihnen weiter w\u00e4chst.<\/p>\n<p>Machen Sie Ihre Danksagung zu einem unvergesslichen Erlebnis mit der Dankeskarte \"Mohnblumengeschichte\" aus ges\u00e4tem Papier. Eine sch\u00f6ne, bedeutungsvolle und respektvolle Art, sich bei denjenigen zu bedanken, die Ihren unvergesslichen Tag mit Ihnen geteilt haben. Lassen Sie Ihre Liebe erbl\u00fchen und wachsen wie die wundersch\u00f6nen Mohnblumen, die aus dieser besonderen Karte hervorgehen werden.<\/p>\n<p><strong>\u00d6kologische Dankeskarte zur Hochzeit mit Saatgut - \"Mohnblumengeschichte\".<\/strong><\/p>\n<\/div>\n<\/div>\n<\/div>\n<\/div>\n<\/div>\n<\/div>\n<\/div>\n<\/div>\n<\/div>\n<\/div>\n<\/div>","protected":false},"excerpt":{"rendered":"<p><strong>\u00d6kologische Dankeskarte zur Hochzeit mit Saatgut - \"Mohnblumengeschichte\".<\/strong><\/p>\n<p>Die Essenz der Liebe in einer Dankeskarte einzufangen, das ist es, was Ihnen die Karte \"Mohnblumengeschichte\" aus ges\u00e4tem Papier bietet. Diese exquisite Karte ist viel mehr als nur eine Geste der Dankbarkeit; sie ist eine Einladung, am Wachstum einer ewigen Liebe teilzuhaben.<\/p>\n<p>Mohnblumen mit ihrem leuchtenden Rot und ihrer verg\u00e4nglichen Zartheit symbolisieren Liebe, Leidenschaft und das Versprechen einer strahlenden Zukunft. Jede \"Mohnblumengeschichte\"-Karte ist mit einem eleganten Mohnblumenmotiv verziert und verleiht Ihrer Dankesbotschaft einen Hauch von moderner Romantik.<\/p>\n<p><b>Abmessungen <\/b>: 9,5 x 9,5 cm<br \/>\n<b>Papier<\/b>\u00a0Parsemains : \u00d6ko-recycelt, handgefertigt, ca. 250g\/m\u00b2.<br \/>\n<b>Samen<\/b> : Bio-Mischung aus honigs\u00fc\u00dfen Wildblumen<\/p>\n<p><strong>\u00d6kologische Dankeskarte zur Hochzeit mit Saatgut - \"Mohnblumengeschichte\".<\/strong><\/p>","protected":false},"featured_media":39597,"comment_status":"open","ping_status":"closed","template":"","meta":[],"product_brand":[],"product_cat":[173,209],"product_tag":[],"class_list":{"0":"post-27490","1":"product","2":"type-product","3":"status-publish","4":"has-post-thumbnail","6":"product_cat-carte-remerciement-ensemencee-mariage","7":"product_cat-cartes-de-remerciement-a-planter","9":"first","10":"instock","11":"shipping-taxable","12":"purchasable","13":"product-type-variable"},"_links":{"self":[{"href":"https:\/\/www.parsemains.com\/de\/wp-json\/wp\/v2\/product\/27490","targetHints":{"allow":["GET"]}}],"collection":[{"href":"https:\/\/www.parsemains.com\/de\/wp-json\/wp\/v2\/product"}],"about":[{"href":"https:\/\/www.parsemains.com\/de\/wp-json\/wp\/v2\/types\/product"}],"replies":[{"embeddable":true,"href":"https:\/\/www.parsemains.com\/de\/wp-json\/wp\/v2\/comments?post=27490"}],"wp:featuredmedia":[{"embeddable":true,"href":"https:\/\/www.parsemains.com\/de\/wp-json\/wp\/v2\/media\/39597"}],"wp:attachment":[{"href":"https:\/\/www.parsemains.com\/de\/wp-json\/wp\/v2\/media?parent=27490"}],"wp:term":[{"taxonomy":"product_brand","embeddable":true,"href":"https:\/\/www.parsemains.com\/de\/wp-json\/wp\/v2\/product_brand?post=27490"},{"taxonomy":"product_cat","embeddable":true,"href":"https:\/\/www.parsemains.com\/de\/wp-json\/wp\/v2\/product_cat?post=27490"},{"taxonomy":"product_tag","embeddable":true,"href":"https:\/\/www.parsemains.com\/de\/wp-json\/wp\/v2\/product_tag?post=27490"}],"curies":[{"name":"wp","href":"https:\/\/api.w.org\/{rel}","templated":true}]}}