{"id":27386,"date":"2023-09-10T21:37:03","date_gmt":"2023-09-10T19:37:03","guid":{"rendered":"https:\/\/www.parsemains.com\/?post_type=product&#038;p=27386"},"modified":"2023-11-18T00:19:55","modified_gmt":"2023-11-17T23:19:55","slug":"carte-remerciement-mariage-ensemencee","status":"publish","type":"product","link":"https:\/\/www.parsemains.com\/de\/produkt\/karte-von-der-dankbarkeit-der-hochzeit-semester-winter\/","title":{"rendered":"Dankeskarte Hochzeit Aussaat - Winter"},"content":{"rendered":"<div class=\"flex-1 overflow-hidden\">\n<div class=\"react-scroll-to-bottom--css-qyzsl-79elbk h-full dark:bg-gray-800\">\n<div class=\"react-scroll-to-bottom--css-qyzsl-1n7m0yu\">\n<div class=\"flex flex-col text-sm dark:bg-gray-800\">\n<div class=\"group w-full text-token-text-primary border-b border-black\/10 dark:border-gray-900\/50 bg-gray-50 dark:bg-[#444654]\" data-testid=\"conversation-turn-2\">\n<div class=\"p-4 justify-center text-base md:gap-6 md:py-6 m-auto\">\n<div class=\"flex flex-1 gap-4 text-base mx-auto md:gap-6 md:max-w-2xl lg:max-w-[38rem] xl:max-w-3xl }\">\n<div class=\"relative flex w-[calc(100%-50px)] flex-col gap-1 md:gap-3 lg:w-[calc(100%-115px)]\">\n<div class=\"flex flex-grow flex-col gap-3 max-w-full\">\n<div class=\"min-h-[20px] flex flex-col items-start gap-3 overflow-x-auto whitespace-pre-wrap break-words\">\n<div class=\"markdown prose w-full break-words dark:prose-invert dark\">\n<p><strong>Dankeskarte Hochzeit Aussaat - Winter<\/strong><\/p>\n<p><strong>Eigenschaften :<\/strong><\/p>\n<p><strong>Elegantes und saisonales Design<\/strong> Unsere Dankeskarte \"Winter\" hat ein k\u00fcnstlerisches, winterliches Design mit Blau- und Silbert\u00f6nen, die an den Zauber der Jahreszeit erinnern.<\/p>\n<p><strong>\u00d6ko-verantwortlich<\/strong> : Hergestellt aus hochwertigem, geimpftem Papier ist diese Karte 100 % biologisch abbaubar. Nachdem sie gelesen und gesch\u00e4tzt wurde, kann sie gepflanzt werden, um sch\u00f6ne Wildblumen oder Kr\u00e4uter hervorzubringen und so eine unvergessliche Erinnerung an Ihre Hochzeit zu schaffen.<\/p>\n<p><strong>Individuell anpassbar<\/strong> Sie haben die M\u00f6glichkeit, Ihre Karte mit Ihren Namen, dem Datum Ihrer Hochzeit und einer besonderen Dankesbotschaft zu versehen. Machen Sie sie zu einer einzigartigen und bedeutungsvollen Erinnerung f\u00fcr Ihre G\u00e4ste.<\/p>\n<p><strong>Praktisches Format<\/strong> : Mit ihren Ma\u00dfen passt diese Dankeskarte problemlos in einen Standardumschlag, sodass sie leicht an Ihre Lieben verschickt werden kann.<\/p>\n<p><strong>Ein Geschenk, das weiter gibt<\/strong> : Wenn Sie sich f\u00fcr unsere Dankeskarte \"Winter\" aus ges\u00e4tem Papier entscheiden, bieten Sie Ihren G\u00e4sten mehr als nur eine einfache Danksagung. Sie geben ihnen die M\u00f6glichkeit, Blumen zu z\u00fcchten und einen Beitrag zum Erhalt unserer Umwelt zu leisten.<\/p>\n<p>Ob Sie eine verschneite Hochzeit feiern oder einfach nur die Sch\u00f6nheit der Jahreszeit festhalten m\u00f6chten, unsere Dankeskarte \"Winter\" aus ges\u00e4tem Papier ist die perfekte Wahl, um Ihre Dankbarkeit auf unvergessliche und naturfreundliche Weise mitzuteilen.<\/p>\n<p>Zeigen Sie Ihre Liebe zu Ihren Lieben und zum Planeten mit dieser einzigartigen und eleganten Dankeskarte.<\/p>\n<p><strong>Bestellen Sie noch heute, um unvergessliche Erinnerungen zu schaffen.<\/strong><\/p>\n<p><strong>Dankeskarte Hochzeit Aussaat - Winter<\/strong><\/p>\n<\/div>\n<\/div>\n<\/div>\n<\/div>\n<\/div>\n<\/div>\n<\/div>\n<\/div>\n<\/div>\n<\/div>\n<\/div>","protected":false},"excerpt":{"rendered":"<p><strong>Dankeskarte Hochzeit Aussaat - Winter<\/strong><\/p>\n<p>Suchen Sie nach einer eleganten und umweltfreundlichen M\u00f6glichkeit, Ihren Lieben nach Ihrer Hochzeit im Winter Ihre Dankbarkeit auszudr\u00fccken? Unsere Dankeskarte \"Winter\" aus ges\u00e4tem Papier ist die perfekte L\u00f6sung.<\/p>\n<p>Diese exquisite Dankeskarte zeugt nicht nur von Ihrer Wertsch\u00e4tzung, sondern ist auch so gestaltet, dass sie wundersch\u00f6ne, bleibende Erinnerungen hervorruft.<\/p>\n<p><strong>Dankeskarte Hochzeit Aussaat - Winter<\/strong><\/p>\n<p><img decoding=\"async\" class=\"alignnone size-medium wp-image-13406\" src=\"https:\/\/www.parsemains.com\/wp-content\/uploads\/2023\/04\/footer-payment-method-7-300x27.png\" alt=\"footer-payment-method.png\" width=\"300\" height=\"27\" srcset=\"https:\/\/www.parsemains.com\/wp-content\/uploads\/2023\/04\/footer-payment-method-7-300x27.png 300w, https:\/\/www.parsemains.com\/wp-content\/uploads\/2023\/04\/footer-payment-method-7.png 358w\" sizes=\"(max-width: 300px) 100vw, 300px\" \/><\/p>","protected":false},"featured_media":27489,"comment_status":"open","ping_status":"closed","template":"","meta":[],"product_brand":[],"product_cat":[173],"product_tag":[],"class_list":{"0":"post-27386","1":"product","2":"type-product","3":"status-publish","4":"has-post-thumbnail","6":"product_cat-carte-remerciement-ensemencee-mariage","8":"first","9":"instock","10":"shipping-taxable","11":"purchasable","12":"product-type-variable"},"_links":{"self":[{"href":"https:\/\/www.parsemains.com\/de\/wp-json\/wp\/v2\/product\/27386","targetHints":{"allow":["GET"]}}],"collection":[{"href":"https:\/\/www.parsemains.com\/de\/wp-json\/wp\/v2\/product"}],"about":[{"href":"https:\/\/www.parsemains.com\/de\/wp-json\/wp\/v2\/types\/product"}],"replies":[{"embeddable":true,"href":"https:\/\/www.parsemains.com\/de\/wp-json\/wp\/v2\/comments?post=27386"}],"wp:featuredmedia":[{"embeddable":true,"href":"https:\/\/www.parsemains.com\/de\/wp-json\/wp\/v2\/media\/27489"}],"wp:attachment":[{"href":"https:\/\/www.parsemains.com\/de\/wp-json\/wp\/v2\/media?parent=27386"}],"wp:term":[{"taxonomy":"product_brand","embeddable":true,"href":"https:\/\/www.parsemains.com\/de\/wp-json\/wp\/v2\/product_brand?post=27386"},{"taxonomy":"product_cat","embeddable":true,"href":"https:\/\/www.parsemains.com\/de\/wp-json\/wp\/v2\/product_cat?post=27386"},{"taxonomy":"product_tag","embeddable":true,"href":"https:\/\/www.parsemains.com\/de\/wp-json\/wp\/v2\/product_tag?post=27386"}],"curies":[{"name":"wp","href":"https:\/\/api.w.org\/{rel}","templated":true}]}}