{"id":27282,"date":"2023-09-10T21:27:55","date_gmt":"2023-09-10T19:27:55","guid":{"rendered":"https:\/\/www.parsemains.com\/?post_type=product&#038;p=27282"},"modified":"2023-11-18T00:26:34","modified_gmt":"2023-11-17T23:26:34","slug":"carte-remerciement-ensemencee-mariage","status":"publish","type":"product","link":"https:\/\/www.parsemains.com\/de\/produkt\/karte-von-der-dankbarkeit-der-hochzeit-segens-herbst\/","title":{"rendered":"Dankeskarte Aussaat Hochzeit- Herbst"},"content":{"rendered":"<div class=\"flex-1 overflow-hidden\">\n<div class=\"react-scroll-to-bottom--css-qyzsl-79elbk h-full dark:bg-gray-800\">\n<div class=\"react-scroll-to-bottom--css-qyzsl-1n7m0yu\">\n<div class=\"flex flex-col text-sm dark:bg-gray-800\">\n<div class=\"group w-full text-token-text-primary border-b border-black\/10 dark:border-gray-900\/50 bg-gray-50 dark:bg-[#444654]\" data-testid=\"conversation-turn-2\">\n<div class=\"p-4 justify-center text-base md:gap-6 md:py-6 m-auto\">\n<div class=\"flex flex-1 gap-4 text-base mx-auto md:gap-6 md:max-w-2xl lg:max-w-[38rem] xl:max-w-3xl }\">\n<div class=\"relative flex w-[calc(100%-50px)] flex-col gap-1 md:gap-3 lg:w-[calc(100%-115px)]\">\n<div class=\"flex flex-grow flex-col gap-3 max-w-full\">\n<div class=\"min-h-[20px] flex flex-col items-start gap-3 overflow-x-auto whitespace-pre-wrap break-words\">\n<div class=\"markdown prose w-full break-words dark:prose-invert dark\">\n<p><strong>Dankeskarte Aussaat Hochzeit- Herbst<\/strong><\/p>\n<p><strong>Au\u00dfergew\u00f6hnliche Eigenschaften :<\/strong><\/p>\n<p><strong>Ges\u00e4ttigtes Papier von h\u00f6chster Qualit\u00e4t<\/strong> Unsere Karte wird aus hochwertigem, ges\u00e4tem Papier hergestellt, einer umweltfreundlichen Innovation, mit der die Natur wieder zum Leben erweckt wird. Nachdem sie gelesen und gesch\u00e4tzt wurde, muss sie nur noch in die Erde gesteckt werden, um wundersch\u00f6ne Wildblumen oder Kr\u00e4uter bl\u00fchen zu sehen, die sch\u00f6ne und bleibende Erinnerungen schaffen.<\/p>\n<p><strong>Exquisites Herbstdesign<\/strong> : Die \u00c4sthetik des Herbstes ist in jedem Detail dieser Karte eingefangen. Die satten Rot-, Orange- und Braunt\u00f6ne erinnern an die Bl\u00e4tter von Ahorn und Eiche, die sanft zu Boden fallen. Die zarte Illustration eines mit goldenen Bl\u00e4ttern versch\u00f6nerten Baumzweiges verleiht dem Ganzen einen Hauch von Romantik.<\/p>\n<p><strong>Einfache Anpassung<\/strong> : F\u00fcgen Sie Ihre pers\u00f6nliche Note hinzu, indem Sie die Nachricht auf der Karte personalisieren, um Ihre Dankbarkeit auf ehrliche und authentische Weise auszudr\u00fccken. Wir bieten auch die M\u00f6glichkeit, die Namen des Brautpaares und das Hochzeitsdatum einzuf\u00fcgen, um die Erinnerung an die Hochzeit noch unvergesslicher zu machen.<\/p>\n<p><strong>Warum sollten Sie sich f\u00fcr Unsere Dankeskarte \"Herbst\" aus ges\u00e4tem Papier entscheiden?<\/strong><\/p>\n<p><strong>Ein Engagement f\u00fcr die Umwelt<\/strong> : Wenn Sie sich f\u00fcr unsere Dankeskarte aus ges\u00e4tem Papier entscheiden, zeigen Sie Ihr Engagement f\u00fcr den Erhalt unseres Planeten. Jede bepflanzte Karte wird zu einer kleinen Geste f\u00fcr die Biodiversit\u00e4t.<\/p>\n<p><strong>Kurzlebige und nachhaltige Sch\u00f6nheit<\/strong> : Der Herbst ist zwar fl\u00fcchtig, hinterl\u00e4sst aber einen bleibenden Eindruck. Unsere Karte verk\u00f6rpert diese Dualit\u00e4t, indem sie verg\u00e4ngliche Sch\u00f6nheit im gegenw\u00e4rtigen Moment und das Versprechen neuer Leben, die in der Zukunft erbl\u00fchen, bietet.<\/p>\n<p><strong>Eine unvergessliche Erinnerung<\/strong> : Ihre G\u00e4ste werden Ihre Hochzeit dank dieser au\u00dfergew\u00f6hnlichen Dankeskarte in Erinnerung behalten. Sie wird zum Gespr\u00e4chsgegenstand und zu einem greifbaren Zeugnis Ihrer Liebe.<\/p>\n<p>Um die Liebe, den Herbst und die Natur zu feiern, entscheiden Sie sich f\u00fcr unsere Dankeskarte \"Herbst\" aus ges\u00e4tem Papier. Setzen Sie ein Zeichen f\u00fcr die Umwelt und dr\u00fccken Sie gleichzeitig auf elegante Weise Ihre Dankbarkeit aus.<\/p>\n<p><strong>Bestellen Sie noch heute und schaffen Sie unvergessliche Erinnerungen.<\/strong><\/p>\n<p><strong>Dankeskarte Aussaat Hochzeit- Herbst<\/strong><\/p>\n<\/div>\n<\/div>\n<\/div>\n<\/div>\n<\/div>\n<\/div>\n<\/div>\n<\/div>\n<\/div>\n<\/div>\n<\/div>","protected":false},"excerpt":{"rendered":"<p><strong>Dankeskarte Aussaat Hochzeit- Herbst<\/strong><\/p>\n<p>Die nat\u00fcrliche Eleganz des Herbstes in einer Dankeskarte<\/p>\n<p>Tauchen Sie ein in die warme Atmosph\u00e4re des Herbstes mit unserer Dankeskarte \"Herbst\" aus ges\u00e4tem Papier, einer perfekten Verschmelzung der Sch\u00f6nheit der Natur mit zeitloser Eleganz. Diese Karte wurde entworfen, um den Geist dieser bezaubernden Jahreszeit einzufangen, und ist weit mehr als nur eine Geste der Dankbarkeit; sie ist ein echtes Erlebnis.<\/p>\n<p><strong>Dankeskarte Aussaat Hochzeit- Herbst<\/strong><\/p>\n<p><img decoding=\"async\" class=\"alignnone size-medium wp-image-13406\" src=\"https:\/\/www.parsemains.com\/wp-content\/uploads\/2023\/04\/footer-payment-method-7-300x27.png\" alt=\"footer-payment-method.png\" width=\"300\" height=\"27\" srcset=\"https:\/\/www.parsemains.com\/wp-content\/uploads\/2023\/04\/footer-payment-method-7-300x27.png 300w, https:\/\/www.parsemains.com\/wp-content\/uploads\/2023\/04\/footer-payment-method-7.png 358w\" sizes=\"(max-width: 300px) 100vw, 300px\" \/><\/p>","protected":false},"featured_media":27385,"comment_status":"open","ping_status":"closed","template":"","meta":[],"product_brand":[],"product_cat":[173],"product_tag":[],"class_list":{"0":"post-27282","1":"product","2":"type-product","3":"status-publish","4":"has-post-thumbnail","6":"product_cat-carte-remerciement-ensemencee-mariage","8":"first","9":"instock","10":"shipping-taxable","11":"purchasable","12":"product-type-variable"},"_links":{"self":[{"href":"https:\/\/www.parsemains.com\/de\/wp-json\/wp\/v2\/product\/27282","targetHints":{"allow":["GET"]}}],"collection":[{"href":"https:\/\/www.parsemains.com\/de\/wp-json\/wp\/v2\/product"}],"about":[{"href":"https:\/\/www.parsemains.com\/de\/wp-json\/wp\/v2\/types\/product"}],"replies":[{"embeddable":true,"href":"https:\/\/www.parsemains.com\/de\/wp-json\/wp\/v2\/comments?post=27282"}],"wp:featuredmedia":[{"embeddable":true,"href":"https:\/\/www.parsemains.com\/de\/wp-json\/wp\/v2\/media\/27385"}],"wp:attachment":[{"href":"https:\/\/www.parsemains.com\/de\/wp-json\/wp\/v2\/media?parent=27282"}],"wp:term":[{"taxonomy":"product_brand","embeddable":true,"href":"https:\/\/www.parsemains.com\/de\/wp-json\/wp\/v2\/product_brand?post=27282"},{"taxonomy":"product_cat","embeddable":true,"href":"https:\/\/www.parsemains.com\/de\/wp-json\/wp\/v2\/product_cat?post=27282"},{"taxonomy":"product_tag","embeddable":true,"href":"https:\/\/www.parsemains.com\/de\/wp-json\/wp\/v2\/product_tag?post=27282"}],"curies":[{"name":"wp","href":"https:\/\/api.w.org\/{rel}","templated":true}]}}