{"id":27178,"date":"2023-09-10T21:19:37","date_gmt":"2023-09-10T19:19:37","guid":{"rendered":"https:\/\/www.parsemains.com\/?post_type=product&#038;p=27178"},"modified":"2023-11-18T00:32:06","modified_gmt":"2023-11-17T23:32:06","slug":"carte-de-remerciement-a-planter-mariage","status":"publish","type":"product","link":"https:\/\/www.parsemains.com\/de\/produkt\/karte-von-der-dankbarkeit-der-hochzeit-semester-sommer\/","title":{"rendered":"Dankeskarte zum Einpflanzen Hochzeit - Sommer"},"content":{"rendered":"<div class=\"flex-1 overflow-hidden\">\n<div class=\"react-scroll-to-bottom--css-qyzsl-79elbk h-full dark:bg-gray-800\">\n<div class=\"react-scroll-to-bottom--css-qyzsl-1n7m0yu\">\n<div class=\"flex flex-col text-sm dark:bg-gray-800\">\n<div class=\"group w-full text-token-text-primary border-b border-black\/10 dark:border-gray-900\/50 bg-gray-50 dark:bg-[#444654]\" data-testid=\"conversation-turn-2\">\n<div class=\"p-4 justify-center text-base md:gap-6 md:py-6 m-auto\">\n<div class=\"flex flex-1 gap-4 text-base mx-auto md:gap-6 md:max-w-2xl lg:max-w-[38rem] xl:max-w-3xl }\">\n<div class=\"relative flex w-[calc(100%-50px)] flex-col gap-1 md:gap-3 lg:w-[calc(100%-115px)]\">\n<div class=\"flex flex-grow flex-col gap-3 max-w-full\">\n<div class=\"min-h-[20px] flex flex-col items-start gap-3 overflow-x-auto whitespace-pre-wrap break-words\">\n<div class=\"markdown prose w-full break-words dark:prose-invert dark\">\n<p><strong>Dankeskarte zum Einpflanzen Hochzeit - Sommer<\/strong><\/p>\n<p><strong>Lassen Sie die Sch\u00f6nheit Ihres besonderen Tages widerhallen :<\/strong> Die Dankeskarte \"Sommer\" verk\u00f6rpert das Staunen \u00fcber Ihre Sommerhochzeit. Sie wurde liebevoll gestaltet und verf\u00fcgt \u00fcber ein zartes, raffiniertes Design, das an die sanften Sonnenstrahlen und die frische Sommerbrise erinnert. Die vibrierenden Farben und Blumenmuster fangen das Wesen Ihrer Verbindung perfekt ein und schaffen eine bleibende Erinnerung f\u00fcr Ihre G\u00e4ste.<\/p>\n<p><strong>Eine pers\u00f6nliche Dankesnachricht<\/strong> : Gestalten Sie jede Karte mit Ihren eigenen aufrichtigen Worten des Dankes. Bringen Sie Ihre Dankbarkeit auf authentische und spezifische Weise zum Ausdruck und machen Sie jede Karte einzigartig und unvergesslich f\u00fcr Ihre Lieben.<\/p>\n<p><strong>\u00d6ko-Verantwortung und ewige Liebe<\/strong> : Wenn Sie sich f\u00fcr unsere Dankeskarte \"Sommer\" aus ges\u00e4tem Papier entscheiden, setzen Sie ein Zeichen f\u00fcr die Umwelt und ehren gleichzeitig Ihre ewige Liebe. Es ist ein Andenken, das mit der Zeit weiter bl\u00fchen und wachsen wird, genau wie Ihre Hochzeit.<\/p>\n<p><strong>Eine Verpflichtung gegen\u00fcber der Natur<\/strong> : Mit tiefem Respekt f\u00fcr unseren Planeten entworfen, wird unsere Dankeskarte \"Sommer\" aus hochwertigem, ges\u00e4tem Papier hergestellt. Nachdem Ihre G\u00e4ste Ihre Worte der Dankbarkeit geteilt haben, k\u00f6nnen sie die Karte in ihren Garten oder einen Blumentopf pflanzen. Sie wird sich in eine Wildblumenbl\u00fcte oder einen sch\u00f6nen Kr\u00e4uterstrau\u00df verwandeln und so an Ihre Liebe erinnern, die weiter w\u00e4chst, genau wie diese sch\u00f6nen Pflanzen.<\/p>\n<p>Lassen Sie die Sch\u00f6nheit des Sommers und der ewigen Liebe durch unsere Dankeskarte \"Sommer\" aus ges\u00e4tem Papier strahlen. Eine au\u00dfergew\u00f6hnliche M\u00f6glichkeit, Ihren Lieben zu danken und gleichzeitig einen Beitrag zur Erhaltung unseres Planeten zu leisten.<\/p>\n<p><strong>Bestellen Sie noch heute und lassen Sie den Zauber Ihrer Hochzeit \u00fcber die Jahreszeiten hinweg anhalten.<\/strong><\/p>\n<p><strong>Dankeskarte zum Einpflanzen Hochzeit - Sommer<\/strong><\/p>\n<p>&nbsp;<\/p>\n<\/div>\n<\/div>\n<\/div>\n<\/div>\n<\/div>\n<\/div>\n<\/div>\n<\/div>\n<\/div>\n<\/div>\n<\/div>","protected":false},"excerpt":{"rendered":"<p><strong>Dankeskarte zum Einpflanzen Hochzeit - Sommer<\/strong><\/p>\n<p>Feiern Sie die Liebe und die Natur mit unserer Dankeskarte \"Sommer\" aus ges\u00e4tem Papier. Eine au\u00dfergew\u00f6hnliche M\u00f6glichkeit, den Zauber Ihrer Hochzeit zu verl\u00e4ngern und gleichzeitig einen Beitrag zur Erhaltung unseres Planeten zu leisten.<\/p>\n<p>Lassen Sie die Sch\u00f6nheit des Sommers und der ewigen Liebe durch unsere Dankeskarte \"Sommer\" aus ges\u00e4tem Papier strahlen.<\/p>\n<p><strong>Dankeskarte zum Einpflanzen Hochzeit - Sommer<\/strong><\/p>\n<p><img decoding=\"async\" class=\"alignnone size-medium wp-image-13406\" src=\"https:\/\/www.parsemains.com\/wp-content\/uploads\/2023\/04\/footer-payment-method-7-300x27.png\" alt=\"footer-payment-method.png\" width=\"300\" height=\"27\" srcset=\"https:\/\/www.parsemains.com\/wp-content\/uploads\/2023\/04\/footer-payment-method-7-300x27.png 300w, https:\/\/www.parsemains.com\/wp-content\/uploads\/2023\/04\/footer-payment-method-7.png 358w\" sizes=\"(max-width: 300px) 100vw, 300px\" \/><\/p>\n<p>&nbsp;<\/p>","protected":false},"featured_media":27281,"comment_status":"open","ping_status":"closed","template":"","meta":[],"product_brand":[],"product_cat":[173],"product_tag":[],"class_list":{"0":"post-27178","1":"product","2":"type-product","3":"status-publish","4":"has-post-thumbnail","6":"product_cat-carte-remerciement-ensemencee-mariage","8":"first","9":"instock","10":"shipping-taxable","11":"purchasable","12":"product-type-variable"},"_links":{"self":[{"href":"https:\/\/www.parsemains.com\/de\/wp-json\/wp\/v2\/product\/27178","targetHints":{"allow":["GET"]}}],"collection":[{"href":"https:\/\/www.parsemains.com\/de\/wp-json\/wp\/v2\/product"}],"about":[{"href":"https:\/\/www.parsemains.com\/de\/wp-json\/wp\/v2\/types\/product"}],"replies":[{"embeddable":true,"href":"https:\/\/www.parsemains.com\/de\/wp-json\/wp\/v2\/comments?post=27178"}],"wp:featuredmedia":[{"embeddable":true,"href":"https:\/\/www.parsemains.com\/de\/wp-json\/wp\/v2\/media\/27281"}],"wp:attachment":[{"href":"https:\/\/www.parsemains.com\/de\/wp-json\/wp\/v2\/media?parent=27178"}],"wp:term":[{"taxonomy":"product_brand","embeddable":true,"href":"https:\/\/www.parsemains.com\/de\/wp-json\/wp\/v2\/product_brand?post=27178"},{"taxonomy":"product_cat","embeddable":true,"href":"https:\/\/www.parsemains.com\/de\/wp-json\/wp\/v2\/product_cat?post=27178"},{"taxonomy":"product_tag","embeddable":true,"href":"https:\/\/www.parsemains.com\/de\/wp-json\/wp\/v2\/product_tag?post=27178"}],"curies":[{"name":"wp","href":"https:\/\/api.w.org\/{rel}","templated":true}]}}