{"id":26970,"date":"2023-09-10T20:48:56","date_gmt":"2023-09-10T18:48:56","guid":{"rendered":"https:\/\/www.parsemains.com\/?post_type=product&#038;p=26970"},"modified":"2023-11-18T00:44:54","modified_gmt":"2023-11-17T23:44:54","slug":"carte-remerciement-mariage-ensemencee-2","status":"publish","type":"product","link":"https:\/\/www.parsemains.com\/de\/produkt\/karte-von-der-dankbarkeit-der-hochzeit-seminar-divine-idylle\/","title":{"rendered":"Dankeskarte Hochzeit ges\u00e4t - Divine Idylle"},"content":{"rendered":"<div class=\"flex-1 overflow-hidden\">\n<div class=\"react-scroll-to-bottom--css-qyzsl-79elbk h-full dark:bg-gray-800\">\n<div class=\"react-scroll-to-bottom--css-qyzsl-1n7m0yu\">\n<div class=\"flex flex-col text-sm dark:bg-gray-800\">\n<div class=\"group w-full text-token-text-primary border-b border-black\/10 dark:border-gray-900\/50 bg-gray-50 dark:bg-[#444654]\" data-testid=\"conversation-turn-2\">\n<div class=\"p-4 justify-center text-base md:gap-6 md:py-6 m-auto\">\n<div class=\"flex flex-1 gap-4 text-base mx-auto md:gap-6 md:max-w-2xl lg:max-w-[38rem] xl:max-w-3xl }\">\n<div class=\"relative flex w-[calc(100%-50px)] flex-col gap-1 md:gap-3 lg:w-[calc(100%-115px)]\">\n<div class=\"flex flex-grow flex-col gap-3 max-w-full\">\n<div class=\"min-h-[20px] flex flex-col items-start gap-3 overflow-x-auto whitespace-pre-wrap break-words\">\n<div class=\"markdown prose w-full break-words dark:prose-invert dark\">\n<p><strong>Dankeskarte Hochzeit ges\u00e4t - Divine Idylle<\/strong><\/p>\n<p><strong>\u00d6kologisch und verantwortungsvoll<\/strong> : Die Karte \"Divine Idylle\" wird aus hochwertigem, ges\u00e4tem Papier hergestellt. Nach der Feier m\u00fcssen Sie sie nur noch in den Boden stecken, damit sie sich in eine wundersch\u00f6ne Wildblumenbl\u00fcte verwandelt. Ein nachhaltiges und umweltfreundliches Andenken an Ihre Hochzeit.<\/p>\n<p><strong>Elegantes Design<\/strong> : Das Design \"Divine Idylle\" verk\u00f6rpert Eleganz und Kultiviertheit. Ein zartes Blattmuster mit einer sanften, romantischen Farbpalette f\u00e4ngt das Wesen Ihres Hochzeitstages mit zeitloser Anmut ein.<\/p>\n<p><strong>Individuell anpassbar<\/strong> : Gestalten Sie die Karte mit Ihren Namen und dem Datum Ihrer Hochzeit sowie einer besonderen Dankesnachricht f\u00fcr Ihre G\u00e4ste. Schaffen Sie ein pers\u00f6nliches Erinnerungsst\u00fcck, das auch in den kommenden Jahren in Ehren gehalten wird.<\/p>\n<p><strong>Emotional bedeutsam<\/strong> Diese einzigartige Dankeskarte symbolisiert die Liebe, die w\u00e4chst und bl\u00fcht, genau wie Ihre Beziehung. Schenken Sie Ihren G\u00e4sten einen Teil dieser Magie.<\/p>\n<p><strong>Warum sollten Sie die Karte \"Divine Idylle\" w\u00e4hlen?<\/strong><\/p>\n<p>Ihre Hochzeit war ein magischer Tag, ein Moment, in dem sich Liebe und Natur vereint haben, um etwas ganz Besonderes zu schaffen. Mit unserer Dankeskarte \"G\u00f6ttliche Idylle\" k\u00f6nnen Sie diese Magie verl\u00e4ngern und Ihren G\u00e4sten ein umweltfreundliches und bedeutungsvolles Andenken schenken, das sie in Ehren halten werden, so wie Sie die Liebe, die Sie teilen, in Ehren halten.<\/p>\n<p>Bringen Sie Ihre Dankbarkeit auf einzigartige und umweltfreundliche Weise mit der Dankeskarte \"Divine Idylle\" zum Ausdruck. Bestellen Sie noch heute, um den Geist Ihrer Hochzeit und die Sch\u00f6nheit der Natur in einer unvergesslichen Dankesgeste festzuhalten.<\/p>\n<p><strong>Dankeskarte Hochzeit ges\u00e4t - Divine Idylle<\/strong><\/p>\n<\/div>\n<\/div>\n<\/div>\n<\/div>\n<\/div>\n<\/div>\n<\/div>\n<\/div>\n<\/div>\n<\/div>\n<\/div>","protected":false},"excerpt":{"rendered":"<p><strong>Dankeskarte Hochzeit ges\u00e4t - Divine Idylle<\/strong><\/p>\n<p>M\u00f6chten Sie Ihre Dankbarkeit auf eine Weise ausdr\u00fccken, die genauso unvergesslich ist wie Ihr besonderer Tag?<\/p>\n<p>Suchen Sie nicht weiter als unsere Dankeskarte \"Divine Idylle\" aus ges\u00e4tem Papier, eine exquisite Verschmelzung von Anmut, Liebe und Nachhaltigkeit.<\/p>\n<p>Diese Dankeskarte verk\u00f6rpert den Geist Ihrer Hochzeit, indem sie das Wunder der Liebe mit dem Respekt vor der Natur vereint.<\/p>\n<p><strong>Dankeskarte Hochzeit ges\u00e4t - Divine Idylle<\/strong><\/p>\n<p><img decoding=\"async\" class=\"alignnone size-medium wp-image-13406\" src=\"https:\/\/www.parsemains.com\/wp-content\/uploads\/2023\/04\/footer-payment-method-7-300x27.png\" alt=\"footer-payment-method.png\" width=\"300\" height=\"27\" srcset=\"https:\/\/www.parsemains.com\/wp-content\/uploads\/2023\/04\/footer-payment-method-7-300x27.png 300w, https:\/\/www.parsemains.com\/wp-content\/uploads\/2023\/04\/footer-payment-method-7.png 358w\" sizes=\"(max-width: 300px) 100vw, 300px\" \/><\/p>","protected":false},"featured_media":27073,"comment_status":"open","ping_status":"closed","template":"","meta":[],"product_brand":[],"product_cat":[173],"product_tag":[],"class_list":{"0":"post-26970","1":"product","2":"type-product","3":"status-publish","4":"has-post-thumbnail","6":"product_cat-carte-remerciement-ensemencee-mariage","8":"first","9":"instock","10":"shipping-taxable","11":"purchasable","12":"product-type-variable"},"_links":{"self":[{"href":"https:\/\/www.parsemains.com\/de\/wp-json\/wp\/v2\/product\/26970","targetHints":{"allow":["GET"]}}],"collection":[{"href":"https:\/\/www.parsemains.com\/de\/wp-json\/wp\/v2\/product"}],"about":[{"href":"https:\/\/www.parsemains.com\/de\/wp-json\/wp\/v2\/types\/product"}],"replies":[{"embeddable":true,"href":"https:\/\/www.parsemains.com\/de\/wp-json\/wp\/v2\/comments?post=26970"}],"wp:featuredmedia":[{"embeddable":true,"href":"https:\/\/www.parsemains.com\/de\/wp-json\/wp\/v2\/media\/27073"}],"wp:attachment":[{"href":"https:\/\/www.parsemains.com\/de\/wp-json\/wp\/v2\/media?parent=26970"}],"wp:term":[{"taxonomy":"product_brand","embeddable":true,"href":"https:\/\/www.parsemains.com\/de\/wp-json\/wp\/v2\/product_brand?post=26970"},{"taxonomy":"product_cat","embeddable":true,"href":"https:\/\/www.parsemains.com\/de\/wp-json\/wp\/v2\/product_cat?post=26970"},{"taxonomy":"product_tag","embeddable":true,"href":"https:\/\/www.parsemains.com\/de\/wp-json\/wp\/v2\/product_tag?post=26970"}],"curies":[{"name":"wp","href":"https:\/\/api.w.org\/{rel}","templated":true}]}}