{"id":26754,"date":"2023-09-10T18:59:18","date_gmt":"2023-09-10T16:59:18","guid":{"rendered":"https:\/\/www.parsemains.com\/?post_type=product&#038;p=26754"},"modified":"2023-11-18T00:51:14","modified_gmt":"2023-11-17T23:51:14","slug":"carte-remerciement-mariage-ensemencee-3","status":"publish","type":"product","link":"https:\/\/www.parsemains.com\/de\/produkt\/karte-von-der-seelenvollen-hochzeit-zwischen-den-seen-damur\/","title":{"rendered":"Dankeskarte f\u00fcr die Aussaat der Hochzeit - Flechtwerk der Liebe"},"content":{"rendered":"<p><strong>Dankeskarte f\u00fcr die Aussaat der Hochzeit - Flechtwerk der Liebe<\/strong><\/p>\n<p><strong>\u00d6kologisch ges\u00e4ttigtes Papier :<\/strong> Unsere Karte \"Flechtwerk der Liebe\" wird aus hochwertigem, ges\u00e4tem Papier hergestellt. Nachdem Ihre G\u00e4ste die Dankesbotschaft genossen haben, k\u00f6nnen sie die Karte einpflanzen, um wundersch\u00f6ne Wildblumen wachsen zu sehen, die die wachsende Liebe symbolisieren.<\/p>\n<p><strong>Elegantes Design :<\/strong> Diese Dankeskarte zeigt ein zartes Design mit herzf\u00f6rmigen Verflechtungen, die an die Verbundenheit und Liebe zwischen Ihnen erinnern. Die sanften Farben und die liebevollen Details verleihen jeder Karte einen Hauch von Anmut.<\/p>\n<p><strong>Individuell gestaltbar :<\/strong> Gestalten Sie ganz einfach Ihre Dankesnachricht auf der Innenseite der Karte, um Ihre Dankbarkeit auf authentische und herzliche Weise auszudr\u00fccken. F\u00fcgen Sie Ihre Namen und das Datum Ihrer Hochzeit hinzu, um eine noch pers\u00f6nlichere Erinnerung zu schaffen.<\/p>\n<p><strong>Umweltfreundlich und verantwortungsvoll :<\/strong> Wenn Sie sich f\u00fcr unsere Dankeskarten aus ges\u00e4tem Papier entscheiden, tragen Sie zum Erhalt der Umwelt bei. Das verwendete Papier ist recycelt und biologisch abbaubar, wodurch sich Ihr CO2-Fu\u00dfabdruck verringert.<\/p>\n<p><strong>Praktisches Format :<\/strong> Jede Karte misst [Ma\u00dfe], bietet ausreichend Platz f\u00fcr Ihre Nachricht und l\u00e4sst sich dennoch einfach per Post versenden.<\/p>\n<p>Schaffen Sie bleibende Erinnerungen an Ihre Hochzeit und leisten Sie gleichzeitig einen Beitrag zu einer gr\u00fcneren Zukunft.<\/p>\n<p>Verschenken Sie eine Karte, die Ihre Liebe und Ihr Engagement f\u00fcr den Planeten verk\u00f6rpert.<\/p>\n<p><strong>Bestellen Sie noch heute Ihre Dankeskarten \"Entrelacs d'Amour\" aus ges\u00e4tem Papier und teilen Sie Ihr Gl\u00fcck, w\u00e4hrend Sie Blumen f\u00fcr die Zukunft s\u00e4en.<\/strong><\/p>\n<p><strong>Dankeskarte f\u00fcr die Aussaat der Hochzeit - Flechtwerk der Liebe<\/strong><\/p>","protected":false},"excerpt":{"rendered":"<p><strong>Dankeskarte f\u00fcr die Aussaat der Hochzeit - Flechtwerk der Liebe<\/strong><\/p>\n<p>Liebe Liebende,<\/p>\n<p>Nach diesem magischen und unvergesslichen Tag ist es an der Zeit, Liebe und Dankbarkeit zu verbreiten. Unsere Dankeskarte \"Flechtwerk der Liebe\" aus ges\u00e4tem Papier ist der perfekte Weg, dies zu tun. Sie f\u00e4ngt nicht nur die Sch\u00f6nheit Ihrer Liebe ein, sondern hinterl\u00e4sst auch einen positiven \u00f6kologischen Fu\u00dfabdruck.<\/p>\n<p>Ob Sie Ihren Freunden und Ihrer Familie f\u00fcr ihre Liebe und Unterst\u00fctzung danken oder Ihr Engagement f\u00fcr die Umwelt mit ihnen teilen m\u00f6chten, unsere Dankeskarte \"Flechtwerk der Liebe\" aus ges\u00e4tem Papier ist die perfekte Wahl.<\/p>\n<p><strong>Dankeskarte f\u00fcr die Aussaat der Hochzeit - Flechtwerk der Liebe<\/strong><\/p>\n<p><img decoding=\"async\" class=\"alignnone size-medium wp-image-13406\" src=\"https:\/\/www.parsemains.com\/wp-content\/uploads\/2023\/04\/footer-payment-method-7-300x27.png\" alt=\"footer-payment-method.png\" width=\"300\" height=\"27\" srcset=\"https:\/\/www.parsemains.com\/wp-content\/uploads\/2023\/04\/footer-payment-method-7-300x27.png 300w, https:\/\/www.parsemains.com\/wp-content\/uploads\/2023\/04\/footer-payment-method-7.png 358w\" sizes=\"(max-width: 300px) 100vw, 300px\" \/><\/p>","protected":false},"featured_media":26857,"comment_status":"open","ping_status":"closed","template":"","meta":[],"product_brand":[],"product_cat":[173],"product_tag":[],"class_list":{"0":"post-26754","1":"product","2":"type-product","3":"status-publish","4":"has-post-thumbnail","6":"product_cat-carte-remerciement-ensemencee-mariage","8":"first","9":"instock","10":"shipping-taxable","11":"purchasable","12":"product-type-variable"},"_links":{"self":[{"href":"https:\/\/www.parsemains.com\/de\/wp-json\/wp\/v2\/product\/26754","targetHints":{"allow":["GET"]}}],"collection":[{"href":"https:\/\/www.parsemains.com\/de\/wp-json\/wp\/v2\/product"}],"about":[{"href":"https:\/\/www.parsemains.com\/de\/wp-json\/wp\/v2\/types\/product"}],"replies":[{"embeddable":true,"href":"https:\/\/www.parsemains.com\/de\/wp-json\/wp\/v2\/comments?post=26754"}],"wp:featuredmedia":[{"embeddable":true,"href":"https:\/\/www.parsemains.com\/de\/wp-json\/wp\/v2\/media\/26857"}],"wp:attachment":[{"href":"https:\/\/www.parsemains.com\/de\/wp-json\/wp\/v2\/media?parent=26754"}],"wp:term":[{"taxonomy":"product_brand","embeddable":true,"href":"https:\/\/www.parsemains.com\/de\/wp-json\/wp\/v2\/product_brand?post=26754"},{"taxonomy":"product_cat","embeddable":true,"href":"https:\/\/www.parsemains.com\/de\/wp-json\/wp\/v2\/product_cat?post=26754"},{"taxonomy":"product_tag","embeddable":true,"href":"https:\/\/www.parsemains.com\/de\/wp-json\/wp\/v2\/product_tag?post=26754"}],"curies":[{"name":"wp","href":"https:\/\/api.w.org\/{rel}","templated":true}]}}