{"id":21273,"date":"2023-08-24T21:52:55","date_gmt":"2023-08-24T19:52:55","guid":{"rendered":"https:\/\/www.parsemains.com\/?post_type=product&#038;p=21273"},"modified":"2025-07-18T13:50:47","modified_gmt":"2025-07-18T11:50:47","slug":"kit-a-planter-fleurs-sauvages","status":"publish","type":"product","link":"https:\/\/www.parsemains.com\/de\/produkt\/kit-a-pflanzt-wildblumen\/","title":{"rendered":"Wildblumen-Pflanzset"},"content":{"rendered":"<p>Pflanzset f\u00fcr eine Entdeckung der Blumenbomben, geeignet f\u00fcr die Keimung im Haus und in T\u00f6pfen.<\/p>\n<p><strong>Bio-Samen 100%<\/strong>\u00a0Samen: Wildblumenmischung Biodiversit\u00e4t: Klatschmohn, Kornblume, Lichtnelke, Ringelblume, Phacelia, Inkarnatklee, Sonnenblume, Dill, K\u00fcmmel, Alexandrinerklee, Leindotter, Cosmos, Damaszener-Niggeline<\/p>\n<p><strong>Gebrauchsanweisung <\/strong>:<br \/>\nWeichen Sie 2 Pflanzenfaserpellets in Wasser ein, um das Substrat quellen zu lassen.<br \/>\nGeben Sie das Substrat in einen Becher und stecken Sie eine Samenbombe hinein.<br \/>\nGie\u00dfen Sie es gut, nachdem Sie es auf eine mit Wasser gef\u00fcllte Untertasse gestellt haben ;<br \/>\nWenn die kleinen Pfl\u00e4nzchen 5-6 Bl\u00e4tter entwickelt haben, pflanzen Sie die biologisch abbaubaren T\u00f6pfe direkt wieder ins Freiland.<br \/>\nBewundern Sie nach einigen Wochen Ihre h\u00fcbschen Wildblumen!<\/p>\n<p><strong>Merkmale<\/strong> :<\/p>\n<ul>\n<li><strong>Samen<\/strong> aus der<strong>Biologischer Landbau<\/strong>von <strong>Bauernsaatgut<\/strong> (<strong>reproduzierbar ohne F1-Hybride<\/strong>) und <strong>ohne GVO<\/strong>Die Pflanzen werden von einem franz\u00f6sischen Saatgutunternehmen geliefert.<\/li>\n<li><strong>Abmessungen<\/strong> der Schachtel: 12 cm (L) x 12 cm (B) x 5 cm (H)<\/li>\n<li><strong>ungef\u00e4hrer Durchmesser<\/strong> jeder Bombe: zwischen 2 cm und 2,5 cm<\/li>\n<\/ul>\n<p><strong>: Aufgrund der handgefertigten und solidarischen Formgebung durch Menschen mit Behinderungen kann der Durchmesser und das Aussehen jeder einzelnen Blumendose variieren.<br \/>\n<\/strong><strong>Wenn Sie wie wir der Meinung sind, dass genau das ihren Charme ausmacht, k\u00f6nnen Sie mit geschlossenen Augen hingehen!<\/strong><\/p>\n<p><strong>Pflanzenset - Blumenbomben<\/strong><\/p>","protected":false},"excerpt":{"rendered":"<p><strong>Pflanzenset - Blumenbomben<\/strong><\/p>\n<p>Kennen Sie Blumenbomben?<\/p>\n<p>Samenbomben oder Blumenbomben sind kleine Kugeln, die aus dem alten \u00c4gypten stammen. <strong>100% nat\u00fcrlich und biologisch abbaubar<\/strong> die \u00fcberall ges\u00e4t oder geworfen werden k\u00f6nnen, um Folgendes zu tun <strong>die Biodiversit\u00e4t explodieren lassen<\/strong>.<br \/>\nDank der darin enthaltenen Papierfasern und Tonerde k\u00f6nnen sie <strong>sch\u00fctzen<\/strong> die Samen vor der Sonne und vor Raubtieren und <strong>halten die Feuchtigkeit zur\u00fcck<\/strong> f\u00fcr <strong>die Keimung f\u00f6rdern.<\/strong><\/p>\n<p>Die Blumenbomben werden in einer ESAT in der Region \u00cele-de-France (Bagneux) inklusiv von Hand geformt. Sie werden aus unseren ges\u00e4ten Papierresten und \u00fcbergro\u00dfen Samen hergestellt. Die wilden Blumenbomben von Parsemains sind also ein vollkommen <strong>Null-Abfall<\/strong> !<\/p>\n<p>Dieses Set ist perfekt f\u00fcr Kinder und Gartenanf\u00e4nger, um spielerisch die Magie der Samen zu entdecken. bestehend aus :<br \/>\n- 1 Gebrauchsanweisung<br \/>\n- 2 biologisch abbaubare T\u00f6pfe<br \/>\n- 4 Substratpellets zum Aufquellen<br \/>\n- 2 handgefertigte Samenbomben aus Bio-Wildblumensamen.<\/p>\n<p><strong>Pflanzenset - Blumenbomben<\/strong><\/p>","protected":false},"featured_media":44574,"comment_status":"open","ping_status":"closed","template":"","meta":[],"product_brand":[],"product_cat":[165],"product_tag":[],"class_list":{"0":"post-21273","1":"product","2":"type-product","3":"status-publish","4":"has-post-thumbnail","6":"product_cat-bombes-a-graines","8":"first","9":"instock","10":"shipping-taxable","11":"purchasable","12":"product-type-simple"},"_links":{"self":[{"href":"https:\/\/www.parsemains.com\/de\/wp-json\/wp\/v2\/product\/21273","targetHints":{"allow":["GET"]}}],"collection":[{"href":"https:\/\/www.parsemains.com\/de\/wp-json\/wp\/v2\/product"}],"about":[{"href":"https:\/\/www.parsemains.com\/de\/wp-json\/wp\/v2\/types\/product"}],"replies":[{"embeddable":true,"href":"https:\/\/www.parsemains.com\/de\/wp-json\/wp\/v2\/comments?post=21273"}],"wp:featuredmedia":[{"embeddable":true,"href":"https:\/\/www.parsemains.com\/de\/wp-json\/wp\/v2\/media\/44574"}],"wp:attachment":[{"href":"https:\/\/www.parsemains.com\/de\/wp-json\/wp\/v2\/media?parent=21273"}],"wp:term":[{"taxonomy":"product_brand","embeddable":true,"href":"https:\/\/www.parsemains.com\/de\/wp-json\/wp\/v2\/product_brand?post=21273"},{"taxonomy":"product_cat","embeddable":true,"href":"https:\/\/www.parsemains.com\/de\/wp-json\/wp\/v2\/product_cat?post=21273"},{"taxonomy":"product_tag","embeddable":true,"href":"https:\/\/www.parsemains.com\/de\/wp-json\/wp\/v2\/product_tag?post=21273"}],"curies":[{"name":"wp","href":"https:\/\/api.w.org\/{rel}","templated":true}]}}