{"id":21272,"date":"2023-08-24T21:52:55","date_gmt":"2023-08-24T19:52:55","guid":{"rendered":"https:\/\/www.parsemains.com\/?post_type=product&#038;p=21272"},"modified":"2026-03-05T09:01:11","modified_gmt":"2026-03-05T08:01:11","slug":"bombes-a-graines","status":"publish","type":"product","link":"https:\/\/www.parsemains.com\/de\/produkt\/samenbomben\/","title":{"rendered":"Samenbomben"},"content":{"rendered":"<p>Set von Samenbomben ideal f\u00fcr eine Entdeckung der Blumenbomben, geeignet f\u00fcr den Gebrauch im Freien zum Bl\u00fchen und D\u00fcngen des Bodens.<\/p>\n<p><strong>Gebrauchsanweisung<\/strong> :<br \/>\nSuchen Sie sich ein h\u00fcbsches Pl\u00e4tzchen zum Bl\u00fchen (Brachland, Garten, Topf, Balkon, bepflanzter Gehweg ...),<br \/>\nWerfen Sie Ihre Blumenbomben hinein (oder vergraben Sie sie unter 1 cm Erde f\u00fcr die Flei\u00dfigen unter Ihnen),<br \/>\nGie\u00dfen Sie sie gut (oder f\u00fchren Sie Ihren sch\u00f6nsten Regentanz auf!).<br \/>\nBewundern Sie nach einigen Wochen Ihre h\u00fcbschen Wildblumen. Die Bienen danken es Ihnen!<\/p>\n<p><strong>Merkmale<\/strong> :<\/p>\n<ul>\n<li><strong>Samen<\/strong> aus der<strong>Biologischer Landbau<\/strong>von <strong>Bauernsaatgut<\/strong> (<strong>reproduzierbar ohne F1-Hybride<\/strong>) und <strong>ohne GVO<\/strong>Die Pflanzen werden von einem franz\u00f6sischen Saatgutunternehmen geliefert.<\/li>\n<li><strong>Abmessungen<\/strong> der Box: 18 cm (L) x 12,5 cm (B) x 2,8 cm (H)<\/li>\n<li><strong>ungef\u00e4hrer Durchmesser<\/strong> jeder Bombe: zwischen 2 cm und 2,5 cm<\/li>\n<\/ul>\n<p><strong><span style=\"text-decoration: underline;\">Hinweis<\/span> : Aufgrund der handgefertigten und solidarischen Formgebung durch Menschen mit Behinderungen kann der Durchmesser und das Aussehen jeder einzelnen Blumendose variieren.<br \/>\n<\/strong><strong>Wenn Sie wie wir der Meinung sind, dass genau das ihren Charme ausmacht, k\u00f6nnen Sie mit geschlossenen Augen hingehen!<\/strong><\/p>","protected":false},"excerpt":{"rendered":"<p><strong>Samenbomben aus Bio-Honigblumen<\/strong><\/p>\n<p>Kennen Sie Samenbomben?<br \/>\nSamenbomben oder Blumenbomben, die aus dem alten \u00c4gypten zu uns gelangten, sind kleine Kugeln, <strong>100% nat\u00fcrlich und biologisch abbaubar<\/strong>Sie k\u00f6nnen sie s\u00e4en oder auf jeden Winkel der Erde werfen, um <strong>die Biodiversit\u00e4t explodieren lassen<\/strong> !<\/p>\n<p>Dank der darin enthaltenen Papierfasern und Tonerde ist sie <strong>sch\u00fctzt seine Samen<\/strong> vor der Sonne und Raubtieren und <strong>h\u00e4lt Wasser zur\u00fcck<\/strong> um die Keimung zu f\u00f6rdern.<\/p>\n<p>Jede Samenbombe ist <strong>handgeformt<\/strong> und mit Liebe <strong>in ESAT in der Region \u00cele-de-France<\/strong> (Bagneux). Sie werden vor allem aus unseren ges\u00e4ten Papierresten und den Hors-calibres-Samen hergestellt, die zu gro\u00df sind, um sie in unser Papier einzuarbeiten. Die Parsemains-Blumenbomben sind also ein Projekt, das ganz und gar <strong>Null-Abfall<\/strong> !<\/p>\n<p>Dieses Paket ist ideal f\u00fcr <strong>die Biodiversit\u00e4t ankurbeln<\/strong> und Bienen zu sch\u00fctzen, die Sie im Garten oder in der Umgebung Ihres Hauses auf Gr\u00fcnfl\u00e4chen auss\u00e4en k\u00f6nnen. Haben Sie Spa\u00df daran, Ihre Blumenbomben an die unwahrscheinlichsten Orte zu werfen, um dort kleine Inseln der bunten Artenvielfalt erbl\u00fchen zu sehen!<\/p>\n<p>Es enth\u00e4lt:<br \/>\n- ein <strong>Los von 8 Samenbomben<\/strong> in einer ESAT handgeformt, in einer Pappschachtel auf getrocknetem Gras angeordnet<br \/>\n- ein <strong>Gebrauchsanweisung<\/strong> erkl\u00e4rend<\/p>\n<p><strong>Bio-Samen<\/strong> Samen: Wildblumenmischung Biodiversit\u00e4t: Klatschmohn, Kornblume, Lichtnelke, Ringelblume, Phacelia, Inkarnatklee, Sonnenblume, Dill, K\u00fcmmel, Alexandrinerklee, Leindotter, Cosmos, Damaszener-Niggeline<\/p>","protected":false},"featured_media":42337,"comment_status":"open","ping_status":"closed","template":"","meta":[],"product_brand":[],"product_cat":[165,422,312],"product_tag":[],"class_list":{"0":"post-21272","1":"product","2":"type-product","3":"status-publish","4":"has-post-thumbnail","6":"product_cat-bombes-a-graines","7":"product_cat-idee-cadeau-ecologique","8":"product_cat-kit-a-planter","10":"first","11":"instock","12":"shipping-taxable","13":"purchasable","14":"product-type-simple"},"_links":{"self":[{"href":"https:\/\/www.parsemains.com\/de\/wp-json\/wp\/v2\/product\/21272","targetHints":{"allow":["GET"]}}],"collection":[{"href":"https:\/\/www.parsemains.com\/de\/wp-json\/wp\/v2\/product"}],"about":[{"href":"https:\/\/www.parsemains.com\/de\/wp-json\/wp\/v2\/types\/product"}],"replies":[{"embeddable":true,"href":"https:\/\/www.parsemains.com\/de\/wp-json\/wp\/v2\/comments?post=21272"}],"wp:featuredmedia":[{"embeddable":true,"href":"https:\/\/www.parsemains.com\/de\/wp-json\/wp\/v2\/media\/42337"}],"wp:attachment":[{"href":"https:\/\/www.parsemains.com\/de\/wp-json\/wp\/v2\/media?parent=21272"}],"wp:term":[{"taxonomy":"product_brand","embeddable":true,"href":"https:\/\/www.parsemains.com\/de\/wp-json\/wp\/v2\/product_brand?post=21272"},{"taxonomy":"product_cat","embeddable":true,"href":"https:\/\/www.parsemains.com\/de\/wp-json\/wp\/v2\/product_cat?post=21272"},{"taxonomy":"product_tag","embeddable":true,"href":"https:\/\/www.parsemains.com\/de\/wp-json\/wp\/v2\/product_tag?post=21272"}],"curies":[{"name":"wp","href":"https:\/\/api.w.org\/{rel}","templated":true}]}}