{"id":21271,"date":"2023-08-24T21:52:55","date_gmt":"2023-08-24T19:52:55","guid":{"rendered":"https:\/\/www.parsemains.com\/?post_type=product&#038;p=21271"},"modified":"2024-10-20T17:42:27","modified_gmt":"2024-10-20T15:42:27","slug":"calendrier-ensemence-marque-pages-fleuri","status":"publish","type":"product","link":"https:\/\/www.parsemains.com\/de\/produkt\/kalender-samen-markierung-seiten-2023\/","title":{"rendered":"Ausges\u00e4ter Kalender Blumige Lesezeichen"},"content":{"rendered":"<p><strong>Ausges\u00e4ter Kalender Blumige Lesezeichen<\/strong><\/p>\n<p>Ein Kalender im Lesezeichenformat, der sowohl zum Lesen als auch zur Gartenarbeit einl\u00e4dt. Jeder Monat wird mit einem wundersch\u00f6nen Aquarell illustriert, das die Jahreszeiten begleitet. Im letzten Monat wird der Kalender gepflanzt, um Wildblumen bl\u00fchen zu sehen, die Honig spenden und den Boden d\u00fcngen!<br \/>\nEin ideales Geschenk, um den eigenen inneren Garten zu kultivieren - und den des Hauses.<\/p>\n<p><strong>Ausges\u00e4ter Kalender Blumige Lesezeichen<\/strong><\/p>","protected":false},"excerpt":{"rendered":"<p><strong>Ausges\u00e4ter Kalender Blumige Lesezeichen<\/strong><\/p>\n<p>Ein Kalender zum Bepflanzen! Ein ethisches und originelles Geschenk, das Sie Ihren Lieben (oder sich selbst) f\u00fcr ein umweltbewusstes und bl\u00fchendes neues Jahr schenken k\u00f6nnen.<\/p>\n<p>Jedes der Bl\u00e4tter dieses Kalenders enth\u00e4lt Samen von Wildblumen. Der ges\u00e4te Kalender enth\u00e4lt insgesamt 14 ges\u00e4te Bl\u00e4tter.<\/p>\n<p>Wenn Sie jeden Monat ein Blatt pflanzen, bleiben Ihnen zwei \u00fcbrig, um Wildblumeng\u00e4rten an diejenigen zu verschenken, die Ihnen wichtig sind.<\/p>\n<p>Das handgefertigte, recycelte Saatpapier ist \"Zero Waste\" und biologisch abbaubar. Als originelles Medium sorgt das Saatpapier immer wieder f\u00fcr \u00dcberraschungen und ist eine sch\u00f6ne, umweltfreundliche Alternative, um Ihre Neujahrsgr\u00fc\u00dfe zu \u00fcberbringen.<\/p>\n<p>Sie k\u00f6nnen die erste Seite dieses Kalenders ab 10 St\u00fcck personalisieren, indem Sie uns eine Nachricht \u00fcber das Formular von\u00a0<a title=\"Kontakt\" href=\"https:\/\/www.parsemains.com\/de\/contact-us\/\" target=\"_blank\" rel=\"noopener\">Kontakt<\/a>.<\/p>\n<p><b>dimensionen : <\/b>4,5 x 15,2 cm<br \/>\n<strong>Inhalt<\/strong> : 14 geimpfte Bl\u00e4tter<br \/>\n<b>Papier<\/b>\u00a0Parsemains : \u00d6ko-recycelt, handgefertigt, ca. 250g\/m\u00b2.<br \/>\n<b>Samen<\/b> : Bio-Wildblumenmischung<br \/>\n<strong>Finish<\/strong> : Satz zusammengehalten von einer wiederverwendbaren Metallklammer f\u00fcr Ihre Dokumente<\/p>\n<p><strong>Ausges\u00e4ter Kalender Blumige Lesezeichen<\/strong><\/p>","protected":false},"featured_media":44464,"comment_status":"open","ping_status":"closed","template":"","meta":[],"product_brand":[],"product_cat":[200],"product_tag":[],"class_list":{"0":"post-21271","1":"product","2":"type-product","3":"status-publish","4":"has-post-thumbnail","6":"product_cat-calendriers-ensemences","8":"first","9":"instock","10":"purchasable","11":"product-type-simple"},"_links":{"self":[{"href":"https:\/\/www.parsemains.com\/de\/wp-json\/wp\/v2\/product\/21271","targetHints":{"allow":["GET"]}}],"collection":[{"href":"https:\/\/www.parsemains.com\/de\/wp-json\/wp\/v2\/product"}],"about":[{"href":"https:\/\/www.parsemains.com\/de\/wp-json\/wp\/v2\/types\/product"}],"replies":[{"embeddable":true,"href":"https:\/\/www.parsemains.com\/de\/wp-json\/wp\/v2\/comments?post=21271"}],"wp:featuredmedia":[{"embeddable":true,"href":"https:\/\/www.parsemains.com\/de\/wp-json\/wp\/v2\/media\/44464"}],"wp:attachment":[{"href":"https:\/\/www.parsemains.com\/de\/wp-json\/wp\/v2\/media?parent=21271"}],"wp:term":[{"taxonomy":"product_brand","embeddable":true,"href":"https:\/\/www.parsemains.com\/de\/wp-json\/wp\/v2\/product_brand?post=21271"},{"taxonomy":"product_cat","embeddable":true,"href":"https:\/\/www.parsemains.com\/de\/wp-json\/wp\/v2\/product_cat?post=21271"},{"taxonomy":"product_tag","embeddable":true,"href":"https:\/\/www.parsemains.com\/de\/wp-json\/wp\/v2\/product_tag?post=21271"}],"curies":[{"name":"wp","href":"https:\/\/api.w.org\/{rel}","templated":true}]}}