{"id":19707,"date":"2023-08-24T21:31:40","date_gmt":"2023-08-24T19:31:40","guid":{"rendered":"https:\/\/www.parsemains.com\/?post_type=product&#038;p=19707"},"modified":"2025-11-27T21:28:35","modified_gmt":"2025-11-27T20:28:35","slug":"calendrier-a-planter-fleurs-du-temps","status":"publish","type":"product","link":"https:\/\/www.parsemains.com\/de\/produkt\/kalender-a-bepflanzung-2022-blumen-der-zeit\/","title":{"rendered":"Pflanzkalender - Blumen der Zeit"},"content":{"rendered":"<p><strong>Pflanzkalender - Blumen der Zeit<\/strong><\/p>\n<p><strong>Eigenschaften des Pflanzkalenders :<\/strong><\/p>\n<p><strong>Minimalistisches k\u00fcnstlerisches Design :<\/strong> Bewundern Sie jeden Monat ein minimalistisches k\u00fcnstlerisches Design, das die charakteristischen Blumen der jeweiligen Jahreszeit hervorhebt. Eine perfekte Verschmelzung von \u00c4sthetik und Funktionalit\u00e4t.<\/p>\n<p><strong>Geimpfte Bl\u00e4tter :<\/strong> Die 14 Bl\u00e4tter des Kalenders enthalten Samen von Wildblumen. Wenn Sie jeden Monat ein Blatt pflanzen, k\u00f6nnen Sie sp\u00e4ter zwei weitere Bl\u00e4tter verschenken, um Wildblumeng\u00e4rten f\u00fcr Ihre Lieben anzulegen.<\/p>\n<p><strong>\u00d6kologisch ges\u00e4tes Papier :<\/strong> Das handgesch\u00f6pfte und recycelte Saatpapier ist \"Zero Waste\" und biologisch abbaubar. Diese umweltfreundliche Alternative stellt ein originelles Medium dar, das garantiert f\u00fcr \u00dcberraschungen sorgen wird.<\/p>\n<p><strong>Handwerkliche Herstellung in der \u00cele-de-France :<\/strong> Jeder Pflanzkalender von Fleurs du Temps wird in unserem Atelier in der \u00cele-de-France zu 100% entworfen. Jedes Blatt Papier wird nach den traditionellen Methoden der Papierbildung mit B\u00fctten und Sieben von Hand gefertigt und unterstreicht damit unser Engagement f\u00fcr das lokale Handwerk.<\/p>\n<p><strong>Recyclingpapier und Umweltfreundlichkeit :<\/strong> Der Zellstoff unseres Papierbreis besteht vollst\u00e4ndig aus Altpapier, das lokal gesammelt und von uns recycelt wird. Die minimalistischen Designs wurden mit Blick auf die Umwelt entworfen und zeichnen sich durch elegante und klare Linien aus.<\/p>\n<p><strong>Gentechnikfreies Bio-Saatgut :<\/strong> Bei den Samen im Papier handelt es sich um biologisches, b\u00e4uerliches und gentechnikfreies Saatgut, das von lokalen Lieferanten bezogen wird. So tragen Sie zum Erhalt der biologischen Vielfalt bei und bringen gleichzeitig eine nat\u00fcrliche Note in Ihren Alltag.<\/p>\n<p><strong>Pflanzkalender - Blumen der Zeit<\/strong><\/p>","protected":false},"excerpt":{"rendered":"<p><strong>Pflanzkalender - Blumen der Zeit<\/strong><\/p>\n<p>D\u00e9couvrez un calendrier \u00e0 planter, une id\u00e9e cadeau \u00e9thique et originale pour inaugurer une nouvelle ann\u00e9e 2026 \u00e9co-responsable et fleurie. Que ce soit pour vos proches ou vous-m\u00eame, ce calendrier offre une mani\u00e8re unique de c\u00e9l\u00e9brer le passage du temps.<\/p>\n<p><b>dimensionen : <\/b>14 x 10 cm<br \/>\n<strong>Inhalt<\/strong> : 14 geimpfte Bl\u00e4tter<br \/>\n<b>Papier<\/b>\u00a0<strong>ausges\u00e4t<\/strong> Parsemains : \u00d6ko-recycelt, handgefertigt, Grammatur ca. 250g\/m\u00b2.<br \/>\n<b>Samen<\/b> : Bio-Wildblumenmischung<br \/>\n<strong>Finish<\/strong> : Satz zusammengehalten von einer wiederverwendbaren Metallklammer f\u00fcr Ihre Dokumente<\/p>\n<p><strong>Pflanzkalender - Blumen der Zeit<\/strong><\/p>","protected":false},"featured_media":44452,"comment_status":"open","ping_status":"closed","template":"","meta":[],"product_brand":[],"product_cat":[200],"product_tag":[],"class_list":{"0":"post-19707","1":"product","2":"type-product","3":"status-publish","4":"has-post-thumbnail","6":"product_cat-calendriers-ensemences","8":"first","9":"instock","10":"purchasable","11":"product-type-simple"},"_links":{"self":[{"href":"https:\/\/www.parsemains.com\/de\/wp-json\/wp\/v2\/product\/19707","targetHints":{"allow":["GET"]}}],"collection":[{"href":"https:\/\/www.parsemains.com\/de\/wp-json\/wp\/v2\/product"}],"about":[{"href":"https:\/\/www.parsemains.com\/de\/wp-json\/wp\/v2\/types\/product"}],"replies":[{"embeddable":true,"href":"https:\/\/www.parsemains.com\/de\/wp-json\/wp\/v2\/comments?post=19707"}],"wp:featuredmedia":[{"embeddable":true,"href":"https:\/\/www.parsemains.com\/de\/wp-json\/wp\/v2\/media\/44452"}],"wp:attachment":[{"href":"https:\/\/www.parsemains.com\/de\/wp-json\/wp\/v2\/media?parent=19707"}],"wp:term":[{"taxonomy":"product_brand","embeddable":true,"href":"https:\/\/www.parsemains.com\/de\/wp-json\/wp\/v2\/product_brand?post=19707"},{"taxonomy":"product_cat","embeddable":true,"href":"https:\/\/www.parsemains.com\/de\/wp-json\/wp\/v2\/product_cat?post=19707"},{"taxonomy":"product_tag","embeddable":true,"href":"https:\/\/www.parsemains.com\/de\/wp-json\/wp\/v2\/product_tag?post=19707"}],"curies":[{"name":"wp","href":"https:\/\/api.w.org\/{rel}","templated":true}]}}