{"id":19706,"date":"2023-08-24T21:31:40","date_gmt":"2023-08-24T19:31:40","guid":{"rendered":"https:\/\/www.parsemains.com\/?post_type=product&#038;p=19706"},"modified":"2024-10-20T16:59:55","modified_gmt":"2024-10-20T14:59:55","slug":"calendrier-ensemence-minimaliste","status":"publish","type":"product","link":"https:\/\/www.parsemains.com\/de\/produkt\/kalender-minimalistische-samen\/","title":{"rendered":"Aussaatkalender - Minimalistisch"},"content":{"rendered":"<p><strong>Aussaatkalender - Minimalistisch<\/strong><\/p>\n<p><strong>Hauptmerkmale :<\/strong><\/p>\n<p><strong>Minimalistisches k\u00fcnstlerisches Design :<\/strong> Dieser Kalender hat ein minimalistisches Design, das sowohl schlicht als auch elegant ist und seinen \u00e4sthetischen und zeitlosen Charakter unterstreicht. Wundersch\u00f6ne Wildblumen im Stil einer Retro-Gravur werden Monat f\u00fcr Monat pr\u00e4sentiert.<\/p>\n<p><strong>Ges\u00e4te Bl\u00e4tter :<\/strong> Jedes Kalenderblatt enth\u00e4lt Wildblumensamen und bietet damit eine einzigartige M\u00f6glichkeit, im Laufe der Monate Ihren eigenen Garten anzulegen.<\/p>\n<p><strong>14 Ausges\u00e4te Bl\u00e4tter :<\/strong> Bei insgesamt 14 ausges\u00e4ten Bl\u00e4ttern k\u00f6nnen Sie jeden Monat ein Blatt pflanzen und die restlichen zwei Bl\u00e4tter teilen, um Wildblumeng\u00e4rten anzulegen, die Sie mit Ihren Lieben teilen k\u00f6nnen.<\/p>\n<p><strong>Ausges\u00e4tes Papier \"Zero Waste\" :<\/strong> Das in unserem Atelier in der \u00cele-de-France handgefertigte Saatpapier wird aus Altpapier recycelt, was es zu einer umweltfreundlichen, \"Null-Abfall\"- und biologisch abbaubaren Option macht.<\/p>\n<p><strong>Handwerkliche Herstellung :<\/strong> Jedes Blatt Papier wird nach traditionellen Methoden von Hand gefertigt und garantiert so eine au\u00dfergew\u00f6hnliche handwerkliche Qualit\u00e4t.<\/p>\n<p><strong>Pulpe 100% Altpapier :<\/strong> Der Zellstoff unseres Papierbreis besteht zu 100% aus Altpapier, das lokal gesammelt und von uns recycelt wird, was zur Nachhaltigkeit des Produkts beitr\u00e4gt.<\/p>\n<p><strong>Biologisches und GVO-freies Saatgut :<\/strong> Die Samen in dem ausges\u00e4ten Papier sind biologisch, b\u00e4uerlich und gentechnikfrei und stammen von vertrauensw\u00fcrdigen lokalen Lieferanten.<\/p>\n<p><strong>Aussaatkalender - Minimalistisch<\/strong><\/p>","protected":false},"excerpt":{"rendered":"<p><strong>Aussaatkalender - Minimalistisch<\/strong><\/p>\n<p>Entdecken Sie den \u00f6kologischen Charme des Aussaatkalenders 2025, ein wahres Pflanzen-Kunstwerk, das minimalistische \u00c4sthetik mit Umweltverantwortung verbindet. Dieser innovative Kalender eignet sich ideal als ethisches und originelles Geschenk und bietet ein einzigartiges Erlebnis, um ein umweltbewusstes und bl\u00fchendes neues Jahr zu feiern.<\/p>\n<p><b>dimensionen : <\/b>10 x 14 cm<br \/>\n<strong>Inhalt<\/strong> : 14 geimpfte Bl\u00e4tter<br \/>\n<b>Papier<\/b>\u00a0<strong>ausges\u00e4t<\/strong> Parsemains : \u00d6ko-recycelt, handgefertigt, ca. 250g\/m\u00b2.<br \/>\n<b>Samen<\/b> : Bio-Wildblumenmischung<br \/>\n<strong>Finish<\/strong> : Satz zusammengehalten von einer wiederverwendbaren Metallklammer f\u00fcr Ihre Dokumente<\/p>\n<p><strong>Aussaatkalender - Minimalistisch<\/strong><\/p>","protected":false},"featured_media":44463,"comment_status":"open","ping_status":"closed","template":"","meta":[],"product_brand":[],"product_cat":[200],"product_tag":[],"class_list":{"0":"post-19706","1":"product","2":"type-product","3":"status-publish","4":"has-post-thumbnail","6":"product_cat-calendriers-ensemences","8":"first","9":"instock","10":"purchasable","11":"product-type-simple"},"_links":{"self":[{"href":"https:\/\/www.parsemains.com\/de\/wp-json\/wp\/v2\/product\/19706","targetHints":{"allow":["GET"]}}],"collection":[{"href":"https:\/\/www.parsemains.com\/de\/wp-json\/wp\/v2\/product"}],"about":[{"href":"https:\/\/www.parsemains.com\/de\/wp-json\/wp\/v2\/types\/product"}],"replies":[{"embeddable":true,"href":"https:\/\/www.parsemains.com\/de\/wp-json\/wp\/v2\/comments?post=19706"}],"wp:featuredmedia":[{"embeddable":true,"href":"https:\/\/www.parsemains.com\/de\/wp-json\/wp\/v2\/media\/44463"}],"wp:attachment":[{"href":"https:\/\/www.parsemains.com\/de\/wp-json\/wp\/v2\/media?parent=19706"}],"wp:term":[{"taxonomy":"product_brand","embeddable":true,"href":"https:\/\/www.parsemains.com\/de\/wp-json\/wp\/v2\/product_brand?post=19706"},{"taxonomy":"product_cat","embeddable":true,"href":"https:\/\/www.parsemains.com\/de\/wp-json\/wp\/v2\/product_cat?post=19706"},{"taxonomy":"product_tag","embeddable":true,"href":"https:\/\/www.parsemains.com\/de\/wp-json\/wp\/v2\/product_tag?post=19706"}],"curies":[{"name":"wp","href":"https:\/\/api.w.org\/{rel}","templated":true}]}}