{"id":19704,"date":"2023-08-24T21:31:40","date_gmt":"2023-08-24T19:31:40","guid":{"rendered":"https:\/\/www.parsemains.com\/?post_type=product&#038;p=19704"},"modified":"2024-10-19T23:11:42","modified_gmt":"2024-10-19T21:11:42","slug":"calendrier-a-planter-feminature","status":"publish","type":"product","link":"https:\/\/www.parsemains.com\/de\/produkt\/kalender-a-saatgut-einpflanzen-2022-lineart\/","title":{"rendered":"Kalender zum Anpflanzen - Feminismus"},"content":{"rendered":"<p><strong>Kalender zum Anpflanzen - Feminismus<\/strong><\/p>\n<p>Das in Handarbeit hergestellte und von Hand recycelte Saatpapier ist entschieden \"Null-Abfall\" und biologisch abbaubar. Diese umweltfreundliche Alternative \u00fcberrascht durch ihre Originalit\u00e4t und bietet ein einzigartiges Medium, um Ihre Neujahrsgr\u00fc\u00dfe zu \u00fcbermitteln.<\/p>\n<p>Unser Pflanzkalender aus ges\u00e4tem Papier wird vollst\u00e4ndig in unserer Werkstatt in der Region \u00cele-de-France hergestellt. Jedes Blatt Papier wird nach traditionellen Methoden von Hand gestaltet, wobei ein Zellstoff verwendet wird, der zu 100% aus lokal gesammeltem und von uns recyceltem Altpapier besteht.<\/p>\n<p>Wir entwickeln die Designs unserer Kalender selbst, um unsere hohen Standards in Bezug auf Umweltfreundlichkeit bestm\u00f6glich zu erf\u00fcllen. Die minimalistische \u00c4sthetik, die sich durch elegante und klare Linien auszeichnet, war f\u00fcr uns selbstverst\u00e4ndlich.<\/p>\n<p>Die Samen, die in diesem ges\u00e4ten Papier enthalten sind, sind biologisches, b\u00e4uerliches und gentechnikfreies Wildblumensaatgut, das sorgf\u00e4ltig von lokalen Lieferanten ausgew\u00e4hlt wurde.<\/p>\n<p><strong>Kalender zum Anpflanzen - Feminismus<\/strong><\/p>","protected":false},"excerpt":{"rendered":"<p><strong>Kalender zum Anpflanzen - Feminismus<\/strong><\/p>\n<p>Entdecken Sie einen innovativen Kalender zum Bepflanzen, der sich ideal als ethisches und originelles Geschenk f\u00fcr Ihre Lieben oder sogar f\u00fcr Sie selbst eignet, um ein neues, \u00f6kologisch verantwortungsbewusstes und bl\u00fchendes Jahr zu beginnen.<\/p>\n<p>Dieser Kalender mit seinem minimalistischen k\u00fcnstlerischen Design feiert die enge Beziehung zwischen Frauen und der Natur mit harmonisch miteinander verflochtenen, solarbetriebenen Illustrationen. Jedes Kalenderblatt enth\u00e4lt Wildblumensamen, so dass Sie insgesamt 14 M\u00f6glichkeiten haben, Ihren Garten zu bes\u00e4en.<\/p>\n<p>Wenn Sie jeden Monat ein Blatt pflanzen, haben Sie zwei zus\u00e4tzliche Bl\u00e4tter zur Verf\u00fcgung, mit denen Sie Wildblumeng\u00e4rten anlegen k\u00f6nnen, die Sie mit Ihren Lieben teilen k\u00f6nnen.<\/p>\n<p><b>dimensionen : <\/b>10 x 14 cm<br \/>\n<strong>Inhalt<\/strong> : 14 geimpfte Bl\u00e4tter<br \/>\n<b>Papier<\/b>\u00a0<strong>ausges\u00e4t<\/strong> Parsemains : \u00d6ko-recycelt, handgefertigt, ca. 250g\/m\u00b2.<br \/>\n<b>Samen<\/b> : Bio-Wildblumenh\u00fclsen<br \/>\n<strong>Finish<\/strong> : Satz zusammengehalten von einer wiederverwendbaren Metallklammer f\u00fcr Ihre Dokumente<\/p>\n<p><strong>Kalender zum Anpflanzen - Feminismus<\/strong><\/p>","protected":false},"featured_media":44451,"comment_status":"open","ping_status":"closed","template":"","meta":[],"product_brand":[],"product_cat":[200],"product_tag":[],"class_list":{"0":"post-19704","1":"product","2":"type-product","3":"status-publish","4":"has-post-thumbnail","6":"product_cat-calendriers-ensemences","8":"first","9":"instock","10":"purchasable","11":"product-type-simple"},"_links":{"self":[{"href":"https:\/\/www.parsemains.com\/de\/wp-json\/wp\/v2\/product\/19704","targetHints":{"allow":["GET"]}}],"collection":[{"href":"https:\/\/www.parsemains.com\/de\/wp-json\/wp\/v2\/product"}],"about":[{"href":"https:\/\/www.parsemains.com\/de\/wp-json\/wp\/v2\/types\/product"}],"replies":[{"embeddable":true,"href":"https:\/\/www.parsemains.com\/de\/wp-json\/wp\/v2\/comments?post=19704"}],"wp:featuredmedia":[{"embeddable":true,"href":"https:\/\/www.parsemains.com\/de\/wp-json\/wp\/v2\/media\/44451"}],"wp:attachment":[{"href":"https:\/\/www.parsemains.com\/de\/wp-json\/wp\/v2\/media?parent=19704"}],"wp:term":[{"taxonomy":"product_brand","embeddable":true,"href":"https:\/\/www.parsemains.com\/de\/wp-json\/wp\/v2\/product_brand?post=19704"},{"taxonomy":"product_cat","embeddable":true,"href":"https:\/\/www.parsemains.com\/de\/wp-json\/wp\/v2\/product_cat?post=19704"},{"taxonomy":"product_tag","embeddable":true,"href":"https:\/\/www.parsemains.com\/de\/wp-json\/wp\/v2\/product_tag?post=19704"}],"curies":[{"name":"wp","href":"https:\/\/api.w.org\/{rel}","templated":true}]}}