{"id":19695,"date":"2023-08-24T21:31:39","date_gmt":"2023-08-24T19:31:39","guid":{"rendered":"https:\/\/www.parsemains.com\/?post_type=product&#038;p=19695"},"modified":"2023-11-10T23:11:42","modified_gmt":"2023-11-10T22:11:42","slug":"carte-a-planter-carte-de-remerciement-vegetalia","status":"publish","type":"product","link":"https:\/\/www.parsemains.com\/de\/produkt\/karte-zu-pflanzen-von-der-vegetabilen-merkung\/","title":{"rendered":"Karte zum Bepflanzen - Dankeskarte \"Vegetaria\"."},"content":{"rendered":"<p><strong>Karte zum Bepflanzen - Dankeskarte \"Vegetaria\".<\/strong><\/p>\n<div class=\"flex-1 overflow-hidden\">\n<div class=\"react-scroll-to-bottom--css-mmnet-79elbk h-full\">\n<div class=\"react-scroll-to-bottom--css-mmnet-1n7m0yu\">\n<div class=\"flex flex-col text-sm gizmo:pb-9 dark:bg-gray-800 gizmo:dark:bg-transparent\">\n<div class=\"group w-full text-token-text-primary border-b border-black\/10 gizmo:border-0 dark:border-gray-900\/50 gizmo:dark:border-0 bg-gray-50 gizmo:bg-transparent dark:bg-[#444654] gizmo:dark:bg-transparent\" data-testid=\"conversation-turn-5\">\n<div class=\"p-4 gizmo:py-2 justify-center text-base md:gap-6 md:py-6 m-auto\">\n<div class=\"flex flex-1 gap-4 text-base mx-auto md:gap-6 gizmo:gap-3 gizmo:md:px-5 gizmo:lg:px-1 gizmo:xl:px-5 md:max-w-2xl lg:max-w-[38rem] gizmo:md:max-w-3xl gizmo:lg:max-w-[40rem] gizmo:xl:max-w-[48rem] xl:max-w-3xl }\">\n<div class=\"relative flex w-[calc(100%-50px)] flex-col gizmo:w-full lg:w-[calc(100%-115px)] agent-turn\">\n<div class=\"flex-col gap-1 md:gap-3\">\n<div class=\"flex flex-grow flex-col gap-3 max-w-full\">\n<div class=\"min-h-[20px] flex flex-col items-start gap-3 whitespace-pre-wrap break-words overflow-x-auto\" data-message-author-role=\"assistant\" data-message-id=\"355140b9-4313-4712-8a5d-bfd4ccfb2c45\">\n<div class=\"markdown prose w-full break-words dark:prose-invert dark\">\n<p>Die \"Tausend Dank!\"-Karte von Vegetalia ist ein eigenst\u00e4ndiges Kunstwerk, bei dem jedes Detail mit Liebe durchdacht wurde. Die kalligraphische Botschaft \"Tausend Dank!\" befindet sich in der Mitte der Karte und verleiht Ihrer Dankesbotschaft einen raffinierten und pers\u00f6nlichen Touch.<\/p>\n<p>Die Eukalyptusbl\u00e4tter, die die Botschaft umgeben, verleihen der Karte einen subtilen Hauch von Natur. Der Eukalyptus, ein Symbol f\u00fcr Widerstandsf\u00e4higkeit und Erneuerung, bietet eine symbolische Erinnerung an Wachstum und Vitalit\u00e4t. Dieser Hauch von pflanzlicher Eleganz bildet einen perfekten Kontrast zur Botschaft und verleiht der Karte einen nat\u00fcrlichen Charme.<\/p>\n<p>Aber das ist noch nicht alles, denn diese Karte ist in vielerlei Hinsicht etwas Besonderes. Sie ist mit Wildblumensamen bes\u00e4t, was sie zu einem doppelt wunderbaren Geschenk macht. Sobald sich der Empf\u00e4nger \u00fcber die Botschaft und die Sch\u00f6nheit der Karte gefreut hat, kann er sie in einen Topf mit Erde oder direkt in seinen Garten pflanzen. Die Wildblumensamen werden keimen und bl\u00fchen und so eine wahre Explosion von Farben und Leben schaffen. Dies ist eine kreative und nachhaltige Art, Ihre Dankbarkeit auszudr\u00fccken und gleichzeitig einen Beitrag zur Sch\u00f6nheit der Natur zu leisten.<\/p>\n<p>Ob Sie sich bei einem geliebten Menschen bedanken oder Ihre Wertsch\u00e4tzung gegen\u00fcber einem Kunden ausdr\u00fccken m\u00f6chten, unsere Dankeskarte mit Saatgut aus der Kollektion \"Vegetalia\" ist die perfekte Wahl. Sie schafft eine bedeutungsvolle Verbindung zwischen der Dankbarkeit, die Sie empfinden, und der Sch\u00f6nheit der Natur. Verschenken Sie diese Karte an diejenigen, die Ihnen wichtig sind, oder legen Sie sie in ein Paket, um Ihren Kunden auf unvergessliche Weise zu danken. Bestellen Sie jetzt, um Gl\u00fcck und Dankbarkeit wachsen zu lassen.<\/p>\n<\/div>\n<\/div>\n<\/div>\n<\/div>\n<\/div>\n<\/div>\n<\/div>\n<\/div>\n<\/div>\n<\/div>\n<\/div>\n<\/div>\n<p><strong>Karte zum Bepflanzen - Dankeskarte \"Vegetaria\".<\/strong><\/p>","protected":false},"excerpt":{"rendered":"<p><strong>Karte zum Bepflanzen - Dankeskarte \"Vegetaria\".<\/strong><\/p>\n<p>Entdecken Sie die nat\u00fcrliche Eleganz unserer Dankeskarte, die mit der Kunstkollektion \"Vegetalia\" bes\u00e4t ist - eine raffinierte und umweltfreundliche Art, Ihren Lieben oder Kunden Ihre Dankbarkeit auszudr\u00fccken.<\/p>\n<p>Jedes Mal, wenn die Karte bl\u00fcht, wird sie den Empf\u00e4nger an die besondere Verbindung erinnern, die Sie teilen, und gleichzeitig das st\u00e4ndige Wachstum der Anerkennung symbolisieren.<\/p>\n<p><b>dimensionen : <\/b>10 x 14 cm<br \/>\n<b>Papier<\/b>\u00a0Parsemains : \u00d6ko-recycelt, handgefertigt, ca. 250g\/m\u00b2.<br \/>\n<b>Samen<\/b> : Bio-Wildblumenmischung<\/p>\n<p><strong>Karte zum Bepflanzen - Dankeskarte \"Vegetaria\".<\/strong><\/p>","protected":false},"featured_media":26442,"comment_status":"open","ping_status":"closed","template":"","meta":[],"product_brand":[],"product_cat":[210,209],"product_tag":[],"class_list":{"0":"post-19695","1":"product","2":"type-product","3":"status-publish","4":"has-post-thumbnail","6":"product_cat-cartes-a-planter","7":"product_cat-cartes-de-remerciement-a-planter","9":"first","10":"instock","11":"purchasable","12":"product-type-simple"},"_links":{"self":[{"href":"https:\/\/www.parsemains.com\/de\/wp-json\/wp\/v2\/product\/19695","targetHints":{"allow":["GET"]}}],"collection":[{"href":"https:\/\/www.parsemains.com\/de\/wp-json\/wp\/v2\/product"}],"about":[{"href":"https:\/\/www.parsemains.com\/de\/wp-json\/wp\/v2\/types\/product"}],"replies":[{"embeddable":true,"href":"https:\/\/www.parsemains.com\/de\/wp-json\/wp\/v2\/comments?post=19695"}],"wp:featuredmedia":[{"embeddable":true,"href":"https:\/\/www.parsemains.com\/de\/wp-json\/wp\/v2\/media\/26442"}],"wp:attachment":[{"href":"https:\/\/www.parsemains.com\/de\/wp-json\/wp\/v2\/media?parent=19695"}],"wp:term":[{"taxonomy":"product_brand","embeddable":true,"href":"https:\/\/www.parsemains.com\/de\/wp-json\/wp\/v2\/product_brand?post=19695"},{"taxonomy":"product_cat","embeddable":true,"href":"https:\/\/www.parsemains.com\/de\/wp-json\/wp\/v2\/product_cat?post=19695"},{"taxonomy":"product_tag","embeddable":true,"href":"https:\/\/www.parsemains.com\/de\/wp-json\/wp\/v2\/product_tag?post=19695"}],"curies":[{"name":"wp","href":"https:\/\/api.w.org\/{rel}","templated":true}]}}