{"id":19694,"date":"2023-08-24T21:31:39","date_gmt":"2023-08-24T19:31:39","guid":{"rendered":"https:\/\/www.parsemains.com\/?post_type=product&#038;p=19694"},"modified":"2023-11-10T23:13:15","modified_gmt":"2023-11-10T22:13:15","slug":"carte-de-remerciement-a-planter-minimaliste","status":"publish","type":"product","link":"https:\/\/www.parsemains.com\/de\/produkt\/dankeskarte\/","title":{"rendered":"Dankeskarte zum Einpflanzen - \"Minimalistisch\"."},"content":{"rendered":"<p><strong>Dankeskarte zum Einpflanzen - \"Minimalistisch\".<\/strong><\/p>\n<p>Dieses kleine Wunderwerk mit seiner aufrichtigen Botschaft \"Tausend Dank!\" in Tannengr\u00fcn ist einfach bezaubernd. Ein kleines Herz in der gleichen Farbe verleiht Ihrer Botschaft einen Hauch von Liebe. Sie eignet sich perfekt, um Ihren Lieben \"Danke\" zu sagen, sei es f\u00fcr eine aufmerksame Geste oder einfach nur, um ihnen zu zeigen, dass Sie sie sch\u00e4tzen.<\/p>\n<p>Unsere Dankeskarte ist aber auch eine Geste der Liebe zur Natur. Sie wird aus ges\u00e4tem Papier hergestellt, das mit Samen von Bio-Wildblumen gef\u00fcllt ist. Sobald Sie Ihre Dankbarkeit geteilt haben, k\u00f6nnen Ihre Empf\u00e4nger sie in einen Topf oder ihren Garten pflanzen. Die Samen werden zu wachsen beginnen und die Karte zu einem Geschenk machen, das immer weiter w\u00e4chst und bl\u00fcht.<\/p>\n<p><strong>Dankeskarte zum Einpflanzen - \"Minimalistisch\".<\/strong><\/p>","protected":false},"excerpt":{"rendered":"<p><strong>Dankeskarte zum Einpflanzen - \"Minimalistisch\".<\/strong><\/p>\n<p>Suchen Sie nach einer besonderen Art, den Menschen, die Ihnen wichtig sind, \"Danke\" zu sagen und gleichzeitig unseren Planeten zu verw\u00f6hnen? Entdecken Sie unsere Dankeskarte, die mit der Kunstsammlung \"Minimalistisch\" ges\u00e4t wurde.<\/p>\n<p>Ob als pers\u00f6nliches Dankesch\u00f6n oder um Ihren Produktpaketen einen umweltfreundlichen Touch zu verleihen, diese Karte ist die perfekte Wahl. Mit ihr k\u00f6nnen Sie Ihre Wertsch\u00e4tzung zum Ausdruck bringen und gleichzeitig auf unseren wertvollen Planeten achten.  Eine kleine Geste, die einen gro\u00dfen Unterschied macht.<\/p>\n<p><b>dimensionen : <\/b>10 x 14 cm<br \/>\n<b>Papier<\/b>\u00a0Parsemains : \u00d6ko-recycelt, handgefertigt, ca. 250g\/m\u00b2.<br \/>\n<b>Samen<\/b> : Bio-Wildblumenmischung<\/p>\n<p><strong>Dankeskarte zum Einpflanzen - \"Minimalistisch\".<\/strong><\/p>","protected":false},"featured_media":26446,"comment_status":"open","ping_status":"closed","template":"","meta":[],"product_brand":[],"product_cat":[210,209],"product_tag":[],"class_list":{"0":"post-19694","1":"product","2":"type-product","3":"status-publish","4":"has-post-thumbnail","6":"product_cat-cartes-a-planter","7":"product_cat-cartes-de-remerciement-a-planter","9":"first","10":"instock","11":"purchasable","12":"product-type-simple"},"_links":{"self":[{"href":"https:\/\/www.parsemains.com\/de\/wp-json\/wp\/v2\/product\/19694","targetHints":{"allow":["GET"]}}],"collection":[{"href":"https:\/\/www.parsemains.com\/de\/wp-json\/wp\/v2\/product"}],"about":[{"href":"https:\/\/www.parsemains.com\/de\/wp-json\/wp\/v2\/types\/product"}],"replies":[{"embeddable":true,"href":"https:\/\/www.parsemains.com\/de\/wp-json\/wp\/v2\/comments?post=19694"}],"wp:featuredmedia":[{"embeddable":true,"href":"https:\/\/www.parsemains.com\/de\/wp-json\/wp\/v2\/media\/26446"}],"wp:attachment":[{"href":"https:\/\/www.parsemains.com\/de\/wp-json\/wp\/v2\/media?parent=19694"}],"wp:term":[{"taxonomy":"product_brand","embeddable":true,"href":"https:\/\/www.parsemains.com\/de\/wp-json\/wp\/v2\/product_brand?post=19694"},{"taxonomy":"product_cat","embeddable":true,"href":"https:\/\/www.parsemains.com\/de\/wp-json\/wp\/v2\/product_cat?post=19694"},{"taxonomy":"product_tag","embeddable":true,"href":"https:\/\/www.parsemains.com\/de\/wp-json\/wp\/v2\/product_tag?post=19694"}],"curies":[{"name":"wp","href":"https:\/\/api.w.org\/{rel}","templated":true}]}}