{"id":19692,"date":"2023-08-24T21:31:38","date_gmt":"2023-08-24T19:31:38","guid":{"rendered":"https:\/\/www.parsemains.com\/?post_type=product&#038;p=19692"},"modified":"2025-05-12T22:24:39","modified_gmt":"2025-05-12T20:24:39","slug":"confettis-ensemences-amorettis","status":"publish","type":"product","link":"https:\/\/www.parsemains.com\/de\/produkt\/konfetti-seminare-amorettis\/","title":{"rendered":"Ges\u00e4tes Konfetti - Amorettis"},"content":{"rendered":"<p class=\"\">Was eignet sich besser, um Ihre Veranstaltungen zu markieren, als ges\u00e4tes Konfetti, das die Erinnerung daran erbl\u00fchen l\u00e4sst? Als Abwechslung zu den \u00fcblichen banalen Konfetti, die nach dem ersten Regen auf unseren Gehwegen traurig aussehen, w\u00e4hlen Sie Konfetti, das bl\u00fcht.<\/p>\n<p>Sie kommen in kleinen Umschl\u00e4gen aus Kraftpapier zu Ihnen.<\/p>\n<p>&nbsp;<\/p>\n<p>Preis f\u00fcr ca. 50 Einheiten.<\/p>","protected":false},"excerpt":{"rendered":"<p>Lassen Sie es zu Ihren sch\u00f6nsten Anl\u00e4ssen diese entz\u00fcckenden, ges\u00e4ten Konfetti regnen! In Herzform streuen sie die Samen von tausend Blumen zusammen mit Ihren Gl\u00fccksw\u00fcnschen, die sie im Fr\u00fchling zum Bl\u00fchen bringen werden.<\/p>\n<p>Lassen Sie sich verf\u00fchren und begeistern Sie Ihre G\u00e4ste, die sie gerne in alle Richtungen streuen werden!<\/p>\n<p><strong>dimensionen : <\/strong>H\u00f6he 2 cm x Breite 2 cm<strong><br \/>\nGrammatur<\/strong>\u00a0: Premium handgefertigt, ca. 300g\/m\u00b2.<br \/>\n<strong>Samen<\/strong> : Mischung aus honigs\u00fc\u00dfen und d\u00fcngenden Wildblumen<\/p>\n<p>Die R\u00fcckseite des Umschlags kann ab einer Auflage von 30 St\u00fcck individuell gestaltet werden.<\/p>\n<p><a href=\"https:\/\/www.parsemains.com\/de\/contact-us\/\">Kontaktieren Sie uns<\/a> um mehr zu erfahren!<\/p>","protected":false},"featured_media":26464,"comment_status":"open","ping_status":"closed","template":"","meta":[],"product_brand":[],"product_cat":[214],"product_tag":[],"class_list":{"0":"post-19692","1":"product","2":"type-product","3":"status-publish","4":"has-post-thumbnail","6":"product_cat-confettis-a-planter","8":"first","9":"outofstock","10":"purchasable","11":"product-type-simple"},"_links":{"self":[{"href":"https:\/\/www.parsemains.com\/de\/wp-json\/wp\/v2\/product\/19692","targetHints":{"allow":["GET"]}}],"collection":[{"href":"https:\/\/www.parsemains.com\/de\/wp-json\/wp\/v2\/product"}],"about":[{"href":"https:\/\/www.parsemains.com\/de\/wp-json\/wp\/v2\/types\/product"}],"replies":[{"embeddable":true,"href":"https:\/\/www.parsemains.com\/de\/wp-json\/wp\/v2\/comments?post=19692"}],"wp:featuredmedia":[{"embeddable":true,"href":"https:\/\/www.parsemains.com\/de\/wp-json\/wp\/v2\/media\/26464"}],"wp:attachment":[{"href":"https:\/\/www.parsemains.com\/de\/wp-json\/wp\/v2\/media?parent=19692"}],"wp:term":[{"taxonomy":"product_brand","embeddable":true,"href":"https:\/\/www.parsemains.com\/de\/wp-json\/wp\/v2\/product_brand?post=19692"},{"taxonomy":"product_cat","embeddable":true,"href":"https:\/\/www.parsemains.com\/de\/wp-json\/wp\/v2\/product_cat?post=19692"},{"taxonomy":"product_tag","embeddable":true,"href":"https:\/\/www.parsemains.com\/de\/wp-json\/wp\/v2\/product_tag?post=19692"}],"curies":[{"name":"wp","href":"https:\/\/api.w.org\/{rel}","templated":true}]}}