{"id":19638,"date":"2023-08-24T21:31:15","date_gmt":"2023-08-24T19:31:15","guid":{"rendered":"https:\/\/www.parsemains.com\/?post_type=product&#038;p=19638"},"modified":"2024-03-27T10:39:41","modified_gmt":"2024-03-27T09:39:41","slug":"cartes-a-planter-collection-candeur-assortiment-de-5-cartes","status":"publish","type":"product","link":"https:\/\/www.parsemains.com\/de\/produkt\/karten-seminar-kollektion-candeur\/","title":{"rendered":"Pflanzkarten - Kollektion Candeur - Sortiment von 5 Karten"},"content":{"rendered":"<p><strong>Pflanzkarten - Kollektion Candeur - Sortiment von 5 Karten<\/strong><\/p>\n<p>Was die Kollektion \"Candeur\" so besonders macht, ist das ges\u00e4te Papier, aus dem sie hergestellt werden. Jede Karte wird aus hochwertigem Papier hergestellt, in das Wiesenblumensamen eingearbeitet sind. Sobald die Botschaft gelesen und gesch\u00e4tzt wurde, haben Sie die M\u00f6glichkeit, diesen Karten ein zweites Leben zu geben. Stecken Sie die Karte einfach in einen Topf mit Erde, gie\u00dfen Sie sie regelm\u00e4\u00dfig und warten Sie voller Vorfreude auf die Bl\u00fcte der Mohnblumen, Kornblumen, gelben Margeriten, Schleierkraut und Delphinellen, die so akribisch gemalt wurden.<\/p>\n<p>Verschenken Sie ein Geschenk, das im Laufe der Zeit weiter w\u00e4chst und bl\u00fcht. Unsere \"Candeur\"-Karten sind die ideale M\u00f6glichkeit, eine Botschaft zu teilen und gleichzeitig einen Beitrag zum Erhalt der Natur und der Artenvielfalt zu leisten. Schaffen Sie bleibende Erinnerungen und teilen Sie die Sch\u00f6nheit der Feldblumen mit den Menschen, die Ihnen am Herzen liegen. Die Kollektion \"Candeur\" verwandelt jeden Anlass in eine Feier der Natur und der Liebe.<\/p>","protected":false},"excerpt":{"rendered":"<p><strong>Pflanzkarten - Kollektion Candeur - Sortiment von 5 Karten<\/strong><\/p>\n<p>Entdecken Sie unsere au\u00dfergew\u00f6hnliche Kollektion von Pflanzkarten aus ges\u00e4tem Papier, \"Candeur\", eine Ode an die Sch\u00f6nheit der Feldblumen, die jeden besonderen Anlass auflockern wird. Jedes \"Candeur\"-Set besteht aus f\u00fcnf exquisiten Karten, wobei jede Karte eine Wiesenblume zeigt, die in ihrer ganzen Pracht mithilfe von Aquarellillustrationen von au\u00dfergew\u00f6hnlicher Qualit\u00e4t eingefangen wurde.<\/p>\n<p>Ob Sie Geburtstagsgr\u00fc\u00dfe aussprechen, eine Hochzeit feiern, Ihre Gl\u00fcckw\u00fcnsche zu einer Geburt mitteilen oder einfach nur Ihre liebevollen Gedanken \u00fcbermitteln m\u00f6chten, unsere \"Candeur\"-Karten verleihen jeder Nachricht einen Hauch von Anmut und Eleganz. Sie sind mehr als nur eine Karte, sie sind ein Erlebnis f\u00fcr sich.<\/p>\n<p><strong>dimensionen : <\/strong>Doppelkarte A5 gefaltet auf A6 (20 x 14 cm offen)<strong><br \/>\nGrammatur<\/strong>\u00a0: Premium handgefertigt, ca. 300g\/m\u00b2.<br \/>\n<strong>Samen<\/strong> : Bio-Wildblumenmischung<\/p>\n<p><strong>Pflanzkarten - Kollektion Candeur - Sortiment von 5 Karten<\/strong><\/p>\n<p>&nbsp;<\/p>","protected":false},"featured_media":37467,"comment_status":"open","ping_status":"closed","template":"","meta":[],"product_brand":[],"product_cat":[210],"product_tag":[],"class_list":{"0":"post-19638","1":"product","2":"type-product","3":"status-publish","4":"has-post-thumbnail","6":"product_cat-cartes-a-planter","8":"first","9":"instock","10":"purchasable","11":"product-type-simple"},"_links":{"self":[{"href":"https:\/\/www.parsemains.com\/de\/wp-json\/wp\/v2\/product\/19638","targetHints":{"allow":["GET"]}}],"collection":[{"href":"https:\/\/www.parsemains.com\/de\/wp-json\/wp\/v2\/product"}],"about":[{"href":"https:\/\/www.parsemains.com\/de\/wp-json\/wp\/v2\/types\/product"}],"replies":[{"embeddable":true,"href":"https:\/\/www.parsemains.com\/de\/wp-json\/wp\/v2\/comments?post=19638"}],"wp:featuredmedia":[{"embeddable":true,"href":"https:\/\/www.parsemains.com\/de\/wp-json\/wp\/v2\/media\/37467"}],"wp:attachment":[{"href":"https:\/\/www.parsemains.com\/de\/wp-json\/wp\/v2\/media?parent=19638"}],"wp:term":[{"taxonomy":"product_brand","embeddable":true,"href":"https:\/\/www.parsemains.com\/de\/wp-json\/wp\/v2\/product_brand?post=19638"},{"taxonomy":"product_cat","embeddable":true,"href":"https:\/\/www.parsemains.com\/de\/wp-json\/wp\/v2\/product_cat?post=19638"},{"taxonomy":"product_tag","embeddable":true,"href":"https:\/\/www.parsemains.com\/de\/wp-json\/wp\/v2\/product_tag?post=19638"}],"curies":[{"name":"wp","href":"https:\/\/api.w.org\/{rel}","templated":true}]}}