{"id":19632,"date":"2023-08-24T21:31:15","date_gmt":"2023-08-24T19:31:15","guid":{"rendered":"https:\/\/www.parsemains.com\/?post_type=product&#038;p=19632"},"modified":"2024-02-27T13:18:00","modified_gmt":"2024-02-27T12:18:00","slug":"papier-ensemence-vierge","status":"publish","type":"product","link":"https:\/\/www.parsemains.com\/de\/produkt\/papier-seifenpapier-jungfer-a4-jungfer\/","title":{"rendered":"Leeres geimpftes Papier"},"content":{"rendered":"<div><strong>Leeres geimpftes Papier<\/strong><\/div>\n<div><\/div>\n<div>Handgesch\u00f6pftes Papier, lokal am Rande von Paris.<\/div>\n<div>\n<p>Seine originelle Haptik erinnert sowohl an die Rustikalit\u00e4t von Pergament als auch an die kreideartige Samtheit von hochwertigem Leder. Wenn man mit den Fingern dar\u00fcber streicht, sind die K\u00f6rner sp\u00fcrbar und machen dieses Papier sofort erkennbar.<\/p>\n<p>Sein gebrochenes Wei\u00df, das sch\u00f6n strukturiert ist, zeugt diskret von seinen vergangenen Leben.<\/p>\n<p>Sie haben endlich das Papier in der Hand, das Ihre Anspr\u00fcche an ein qualitativ hochwertiges Medium mit Ihrem Respekt f\u00fcr den Planeten und seine Ressourcen in Einklang bringt.<\/p>\n<\/div>\n<div>Unser ges\u00e4tes Papier Parsemains ist ein interessantes Medium, das sich f\u00fcr Ihre Schreib-, Mal- oder digitale Gestaltungsarbeit eignet und poetisch in ein kleines St\u00fcck Blumenfeld verwandelt werden kann, sobald es gepflanzt ist.<\/div>\n<div><\/div>\n<div><strong>Leeres geimpftes Papier<\/strong><\/div>","protected":false},"excerpt":{"rendered":"<p>Lassen Sie Ihrer Kreativit\u00e4t freien Lauf mit unserem Premium Virgin Seeded Paper, das aus 100%-Recyclingpapier handgesch\u00f6pft wird.<\/p>\n<p><b>Grammatur <\/b>: Premium handgefertigt, ca. 250g\/m\u00b2.<br \/>\n<strong>Samen<\/strong> : Bio-Wildblumenmischung Biodiversit\u00e4t Honigbiene<\/p>\n<p>Dieses unbedruckte, geimpfte Papier ist speziell f\u00fcr Ihre Kreationen gedacht, ob geschrieben, gemalt oder skizziert.<\/p>","protected":false},"featured_media":41619,"comment_status":"open","ping_status":"closed","template":"","meta":[],"product_brand":[],"product_cat":[124],"product_tag":[],"class_list":{"0":"post-19632","1":"product","2":"type-product","3":"status-publish","4":"has-post-thumbnail","6":"product_cat-papier-artisanal-ensemence","8":"first","9":"instock","10":"purchasable","11":"product-type-variable","12":"has-default-attributes"},"_links":{"self":[{"href":"https:\/\/www.parsemains.com\/de\/wp-json\/wp\/v2\/product\/19632","targetHints":{"allow":["GET"]}}],"collection":[{"href":"https:\/\/www.parsemains.com\/de\/wp-json\/wp\/v2\/product"}],"about":[{"href":"https:\/\/www.parsemains.com\/de\/wp-json\/wp\/v2\/types\/product"}],"replies":[{"embeddable":true,"href":"https:\/\/www.parsemains.com\/de\/wp-json\/wp\/v2\/comments?post=19632"}],"wp:featuredmedia":[{"embeddable":true,"href":"https:\/\/www.parsemains.com\/de\/wp-json\/wp\/v2\/media\/41619"}],"wp:attachment":[{"href":"https:\/\/www.parsemains.com\/de\/wp-json\/wp\/v2\/media?parent=19632"}],"wp:term":[{"taxonomy":"product_brand","embeddable":true,"href":"https:\/\/www.parsemains.com\/de\/wp-json\/wp\/v2\/product_brand?post=19632"},{"taxonomy":"product_cat","embeddable":true,"href":"https:\/\/www.parsemains.com\/de\/wp-json\/wp\/v2\/product_cat?post=19632"},{"taxonomy":"product_tag","embeddable":true,"href":"https:\/\/www.parsemains.com\/de\/wp-json\/wp\/v2\/product_tag?post=19632"}],"curies":[{"name":"wp","href":"https:\/\/api.w.org\/{rel}","templated":true}]}}